{"id":11,"date":"2021-12-04T00:20:14","date_gmt":"2021-12-04T00:20:14","guid":{"rendered":"http:\/\/delcarmen.ccdea.com\/?page_id=11"},"modified":"2022-08-10T00:16:02","modified_gmt":"2022-08-10T00:16:02","slug":"porfolio","status":"publish","type":"page","link":"https:\/\/colegiodelcarmenmdp.edu.ar\/index.php\/porfolio\/","title":{"rendered":"Niveles"},"content":{"rendered":"\t\t<div data-elementor-type=\"wp-page\" data-elementor-id=\"11\" class=\"elementor elementor-11\">\n\t\t\t\t\t\t<section class=\"elementor-section elementor-top-section elementor-element elementor-element-046bb11 elementor-section-boxed elementor-section-height-default elementor-section-height-default\" data-id=\"046bb11\" data-element_type=\"section\" data-e-type=\"section\">\n\t\t\t\t\t\t<div class=\"elementor-container elementor-column-gap-default\">\n\t\t\t\t\t<div class=\"elementor-column elementor-col-100 elementor-top-column elementor-element elementor-element-9a35d8b\" data-id=\"9a35d8b\" data-element_type=\"column\" data-e-type=\"column\">\n\t\t\t<div class=\"elementor-widget-wrap elementor-element-populated\">\n\t\t\t\t\t\t<div class=\"elementor-element elementor-element-cebdb15 elementor-widget-divider--view-line elementor-widget elementor-widget-divider\" data-id=\"cebdb15\" data-element_type=\"widget\" data-e-type=\"widget\" data-widget_type=\"divider.default\">\n\t\t\t\t\t\t\t<div class=\"elementor-divider\">\n\t\t\t<span class=\"elementor-divider-separator\">\n\t\t\t\t\t\t<\/span>\n\t\t<\/div>\n\t\t\t\t\t\t<\/div>\n\t\t\t\t\t<\/div>\n\t\t<\/div>\n\t\t\t\t\t<\/div>\n\t\t<\/section>\n\t\t\t\t<section class=\"elementor-section elementor-top-section elementor-element elementor-element-f6d1a1f elementor-section-boxed elementor-section-height-default elementor-section-height-default\" data-id=\"f6d1a1f\" data-element_type=\"section\" data-e-type=\"section\">\n\t\t\t\t\t\t<div class=\"elementor-container elementor-column-gap-default\">\n\t\t\t\t\t<div class=\"elementor-column elementor-col-50 elementor-top-column elementor-element elementor-element-57e0fb8\" data-id=\"57e0fb8\" data-element_type=\"column\" data-e-type=\"column\">\n\t\t\t<div class=\"elementor-widget-wrap elementor-element-populated\">\n\t\t\t\t\t\t<div class=\"elementor-element elementor-element-a0968a9 elementor-widget elementor-widget-eael-image-accordion\" data-id=\"a0968a9\" data-element_type=\"widget\" data-e-type=\"widget\" data-widget_type=\"eael-image-accordion.default\">\n\t\t\t\t\t    <div class=\"eael-img-accordion accordion-direction-horizontal eael-img-accordion-horizontal-align-center eael-img-accordion-vertical-align-center\" id=\"eael-img-accordion-a0968a9\" data-img-accordion-id=\"a0968a9\" data-img-accordion-type=\"on-hover\">\n                    \n            <div class=\"eael-image-accordion-hover eael-image-accordion-item overlay-active\" style=\"background-image: url(http:\/\/delcarmen.ccdea.com\/wp-content\/uploads\/2022\/04\/WhatsApp-Image-2022-03-10-at-8.32.09-AM-2.jpeg); flex: 3 1 0%;\"  tabindex=\"0\">\n                <div class=\"overlay\">\n                                        <div class=\"overlay-inner  overlay-inner-show\">\n                        <a href=\"http:\/\/colegiodelcarmenmdp.edu.ar\/index.php\/nivel-inicial\/\"><h2 class=\"img-accordion-title\">Nivel Inicial<\/h2><\/a>                            <p><h4><strong>Ver m\u00e1s<\/strong><\/h4><\/p>\n                                            <\/div>\n                <\/div>\n            <\/div>\n                <\/div>\n        <style typr=\"text\/css\">\n                    #eael-img-accordion-a0968a9 .eael-image-accordion-hover:hover {\n                        flex: 3 1 0% !important;\n                    }\n                    #eael-img-accordion-a0968a9 .eael-image-accordion-hover:hover:hover .overlay-inner * {\n                        opacity: 1;\n                        visibility: visible;\n                        transform: none;\n                        transition: all .3s .3s;\n                    }\n                <\/style>\t\t\t\t<\/div>\n\t\t\t\t\t<\/div>\n\t\t<\/div>\n\t\t\t\t<div class=\"elementor-column elementor-col-50 elementor-top-column elementor-element elementor-element-b5decc2\" data-id=\"b5decc2\" data-element_type=\"column\" data-e-type=\"column\">\n\t\t\t<div class=\"elementor-widget-wrap elementor-element-populated\">\n\t\t\t\t\t\t<div class=\"elementor-element elementor-element-422f074 elementor-view-default elementor-widget elementor-widget-icon\" data-id=\"422f074\" data-element_type=\"widget\" data-e-type=\"widget\" data-widget_type=\"icon.default\">\n\t\t\t\t\t\t\t<div class=\"elementor-icon-wrapper\">\n\t\t\t<div class=\"elementor-icon\">\n\t\t\t<svg aria-hidden=\"true\" class=\"e-font-icon-svg e-fas-shapes\" viewBox=\"0 0 512 512\" xmlns=\"http:\/\/www.w3.org\/2000\/svg\"><path d=\"M128,256A128,128,0,1,0,256,384,128,128,0,0,0,128,256Zm379-54.86L400.07,18.29a37.26,37.26,0,0,0-64.14,0L229,201.14C214.76,225.52,232.58,256,261.09,256H474.91C503.42,256,521.24,225.52,507,201.14ZM480,288H320a32,32,0,0,0-32,32V480a32,32,0,0,0,32,32H480a32,32,0,0,0,32-32V320A32,32,0,0,0,480,288Z\"><\/path><\/svg>\t\t\t<\/div>\n\t\t<\/div>\n\t\t\t\t\t\t<\/div>\n\t\t\t\t<div class=\"elementor-element elementor-element-395b142 elementor-widget elementor-widget-text-editor\" data-id=\"395b142\" data-element_type=\"widget\" data-e-type=\"widget\" data-widget_type=\"text-editor.default\">\n\t\t\t\t\t\t\t\t\t<p><span style=\"font-weight: 400;\">El <strong>NIVEL INICIAL<\/strong> tiene una clara intencionalidad pedag\u00f3gica, que brinda al ni\u00f1o una formaci\u00f3n integral que toma como punto de partida los saberes previos de cada alumno y abarca los aspectos sociales, afectivo-emocionales, cognitivos, motrices y expresivos, favoreciendo la promoci\u00f3n de conocimientos que se profundizar\u00e1n a lo largo de la vida escolar superior.<\/span><\/p>\t\t\t\t\t\t\t\t<\/div>\n\t\t\t\t\t<\/div>\n\t\t<\/div>\n\t\t\t\t\t<\/div>\n\t\t<\/section>\n\t\t\t\t<section class=\"elementor-section elementor-top-section elementor-element elementor-element-cf83c47 elementor-section-boxed elementor-section-height-default elementor-section-height-default\" data-id=\"cf83c47\" data-element_type=\"section\" data-e-type=\"section\">\n\t\t\t\t\t\t<div class=\"elementor-container elementor-column-gap-default\">\n\t\t\t\t\t<div class=\"elementor-column elementor-col-50 elementor-top-column elementor-element elementor-element-3d23698\" data-id=\"3d23698\" data-element_type=\"column\" data-e-type=\"column\">\n\t\t\t<div class=\"elementor-widget-wrap elementor-element-populated\">\n\t\t\t\t\t\t<div class=\"elementor-element elementor-element-8df726f elementor-widget elementor-widget-eael-image-accordion\" data-id=\"8df726f\" data-element_type=\"widget\" data-e-type=\"widget\" data-widget_type=\"eael-image-accordion.default\">\n\t\t\t\t\t    <div class=\"eael-img-accordion accordion-direction-horizontal eael-img-accordion-horizontal-align-center eael-img-accordion-vertical-align-center\" id=\"eael-img-accordion-8df726f\" data-img-accordion-id=\"8df726f\" data-img-accordion-type=\"on-hover\">\n                    \n            <div class=\"eael-image-accordion-hover eael-image-accordion-item overlay-active\" style=\"background-image: url(http:\/\/delcarmen.ccdea.com\/wp-content\/uploads\/2022\/04\/FOTO-DE-PORTADA-NIVEL-PRIMARIO-scaled.jpg); flex: 3 1 0%;\"  tabindex=\"0\">\n                <div class=\"overlay\">\n                                        <div class=\"overlay-inner  overlay-inner-show\">\n                        <a href=\"http:\/\/colegiodelcarmenmdp.edu.ar\/index.php\/nivel-primario\/\"><h2 class=\"img-accordion-title\">Nivel Primario<\/h2><\/a>                            <p><h4><strong>Ver m\u00e1s<\/strong><\/h4><\/p>\n                                            <\/div>\n                <\/div>\n            <\/div>\n                <\/div>\n        <style typr=\"text\/css\">\n                    #eael-img-accordion-8df726f .eael-image-accordion-hover:hover {\n                        flex: 3 1 0% !important;\n                    }\n                    #eael-img-accordion-8df726f .eael-image-accordion-hover:hover:hover .overlay-inner * {\n                        opacity: 1;\n                        visibility: visible;\n                        transform: none;\n                        transition: all .3s .3s;\n                    }\n                <\/style>\t\t\t\t<\/div>\n\t\t\t\t\t<\/div>\n\t\t<\/div>\n\t\t\t\t<div class=\"elementor-column elementor-col-50 elementor-top-column elementor-element elementor-element-367f3d0\" data-id=\"367f3d0\" data-element_type=\"column\" data-e-type=\"column\">\n\t\t\t<div class=\"elementor-widget-wrap elementor-element-populated\">\n\t\t\t\t\t\t<div class=\"elementor-element elementor-element-8cef236 elementor-view-default elementor-widget elementor-widget-icon\" data-id=\"8cef236\" data-element_type=\"widget\" data-e-type=\"widget\" data-widget_type=\"icon.default\">\n\t\t\t\t\t\t\t<div class=\"elementor-icon-wrapper\">\n\t\t\t<div class=\"elementor-icon\">\n\t\t\t<svg aria-hidden=\"true\" class=\"e-font-icon-svg e-fas-sticky-note\" viewBox=\"0 0 448 512\" xmlns=\"http:\/\/www.w3.org\/2000\/svg\"><path d=\"M312 320h136V56c0-13.3-10.7-24-24-24H24C10.7 32 0 42.7 0 56v400c0 13.3 10.7 24 24 24h264V344c0-13.2 10.8-24 24-24zm129 55l-98 98c-4.5 4.5-10.6 7-17 7h-6V352h128v6.1c0 6.3-2.5 12.4-7 16.9z\"><\/path><\/svg>\t\t\t<\/div>\n\t\t<\/div>\n\t\t\t\t\t\t<\/div>\n\t\t\t\t<div class=\"elementor-element elementor-element-ce29f69 elementor-widget elementor-widget-text-editor\" data-id=\"ce29f69\" data-element_type=\"widget\" data-e-type=\"widget\" data-widget_type=\"text-editor.default\">\n\t\t\t\t\t\t\t\t\t<p><span style=\"font-weight: 400;\">En el <strong>NIVEL PRIMARIO<\/strong>, invitamos a los ni\u00f1os a\u00a0 vivir m\u00faltiples experiencias de aprendizaje. El trabajo interdisciplinario profundiza esos saberes.<\/span><\/p><p><span style=\"font-weight: 400;\">En cada una de las propuestas buscamos\u00a0 el desarrollo de todas las capacidades de los alumnos, complementando con proyectos para descubrir y expandir todas sus potencialidades creativas, emocionales, f\u00edsicas y cognitivas.<\/span><\/p><p><span style=\"font-weight: 400;\">Posibilitamos en este recorrido,\u00a0 el acercamiento a nuestra fe, como centro de nuestra formaci\u00f3n personal a trav\u00e9s de encuentros de catequesis, preparaci\u00f3n para los sacramentos y celebraciones. <\/span><\/p>\t\t\t\t\t\t\t\t<\/div>\n\t\t\t\t\t<\/div>\n\t\t<\/div>\n\t\t\t\t\t<\/div>\n\t\t<\/section>\n\t\t\t\t<section class=\"elementor-section elementor-top-section elementor-element elementor-element-79c4f40 elementor-section-boxed elementor-section-height-default elementor-section-height-default\" data-id=\"79c4f40\" data-element_type=\"section\" data-e-type=\"section\">\n\t\t\t\t\t\t<div class=\"elementor-container elementor-column-gap-default\">\n\t\t\t\t\t<div class=\"elementor-column elementor-col-50 elementor-top-column elementor-element elementor-element-a34cbc5\" data-id=\"a34cbc5\" data-element_type=\"column\" data-e-type=\"column\">\n\t\t\t<div class=\"elementor-widget-wrap elementor-element-populated\">\n\t\t\t\t\t\t<div class=\"elementor-element elementor-element-41e1a33 elementor-widget elementor-widget-eael-image-accordion\" data-id=\"41e1a33\" data-element_type=\"widget\" data-e-type=\"widget\" data-widget_type=\"eael-image-accordion.default\">\n\t\t\t\t\t    <div class=\"eael-img-accordion accordion-direction-horizontal eael-img-accordion-horizontal-align-center eael-img-accordion-vertical-align-center\" id=\"eael-img-accordion-41e1a33\" data-img-accordion-id=\"41e1a33\" data-img-accordion-type=\"on-hover\">\n                    \n            <div class=\"eael-image-accordion-hover eael-image-accordion-item overlay-active\" style=\"background-image: url(http:\/\/delcarmen.ccdea.com\/wp-content\/uploads\/2022\/04\/FOTO-DE-PORTADA-NIVEL-SECUNDARIO.jpg); flex: 3 1 0%;\"  tabindex=\"0\">\n                <div class=\"overlay\">\n                                        <div class=\"overlay-inner  overlay-inner-show\">\n                        <a href=\"http:\/\/colegiodelcarmenmdp.edu.ar\/index.php\/nivel-secundario\/\"><h2 class=\"img-accordion-title\">Nivel Secundario<\/h2><\/a>                            <p><h4><strong>Ver m\u00e1s<\/strong><\/h4><\/p>\n                                            <\/div>\n                <\/div>\n            <\/div>\n                <\/div>\n        <style typr=\"text\/css\">\n                    #eael-img-accordion-41e1a33 .eael-image-accordion-hover:hover {\n                        flex: 3 1 0% !important;\n                    }\n                    #eael-img-accordion-41e1a33 .eael-image-accordion-hover:hover:hover .overlay-inner * {\n                        opacity: 1;\n                        visibility: visible;\n                        transform: none;\n                        transition: all .3s .3s;\n                    }\n                <\/style>\t\t\t\t<\/div>\n\t\t\t\t\t<\/div>\n\t\t<\/div>\n\t\t\t\t<div class=\"elementor-column elementor-col-50 elementor-top-column elementor-element elementor-element-4cbe375\" data-id=\"4cbe375\" data-element_type=\"column\" data-e-type=\"column\">\n\t\t\t<div class=\"elementor-widget-wrap elementor-element-populated\">\n\t\t\t\t\t\t<div class=\"elementor-element elementor-element-ea68d59 elementor-view-default elementor-widget elementor-widget-icon\" data-id=\"ea68d59\" data-element_type=\"widget\" data-e-type=\"widget\" data-widget_type=\"icon.default\">\n\t\t\t\t\t\t\t<div class=\"elementor-icon-wrapper\">\n\t\t\t<div class=\"elementor-icon\">\n\t\t\t<svg aria-hidden=\"true\" class=\"e-font-icon-svg e-far-folder-open\" viewBox=\"0 0 576 512\" xmlns=\"http:\/\/www.w3.org\/2000\/svg\"><path d=\"M527.9 224H480v-48c0-26.5-21.5-48-48-48H272l-64-64H48C21.5 64 0 85.5 0 112v288c0 26.5 21.5 48 48 48h400c16.5 0 31.9-8.5 40.7-22.6l79.9-128c20-31.9-3-73.4-40.7-73.4zM48 118c0-3.3 2.7-6 6-6h134.1l64 64H426c3.3 0 6 2.7 6 6v42H152c-16.8 0-32.4 8.8-41.1 23.2L48 351.4zm400 282H72l77.2-128H528z\"><\/path><\/svg>\t\t\t<\/div>\n\t\t<\/div>\n\t\t\t\t\t\t<\/div>\n\t\t\t\t<div class=\"elementor-element elementor-element-319b1fc elementor-widget elementor-widget-text-editor\" data-id=\"319b1fc\" data-element_type=\"widget\" data-e-type=\"widget\" data-widget_type=\"text-editor.default\">\n\t\t\t\t\t\t\t\t\t<p><span style=\"font-weight: 400;\">El <strong>NIVEL SECUNDARIO<\/strong> completa la escolaridad formal del alumno trabajando sobre los saberes formales y las diversas \u00e1reas del conocimiento, promoviendo la paulatina autonom\u00eda del alumno desde una perspectiva social, conceptual y de competencias que les permitan su inserci\u00f3n en los estudios superiores y el mundo del trabajo, siempre desde los valores cristianos que conforman nuestra identidad.<\/span><\/p>\t\t\t\t\t\t\t\t<\/div>\n\t\t\t\t\t<\/div>\n\t\t<\/div>\n\t\t\t\t\t<\/div>\n\t\t<\/section>\n\t\t\t\t<section class=\"elementor-section elementor-top-section elementor-element elementor-element-d6516eb elementor-section-boxed elementor-section-height-default elementor-section-height-default\" data-id=\"d6516eb\" data-element_type=\"section\" data-e-type=\"section\">\n\t\t\t\t\t\t<div class=\"elementor-container elementor-column-gap-default\">\n\t\t\t\t\t<div class=\"elementor-column elementor-col-100 elementor-top-column elementor-element elementor-element-3fb01bf\" data-id=\"3fb01bf\" data-element_type=\"column\" data-e-type=\"column\" data-settings=\"{&quot;background_background&quot;:&quot;classic&quot;}\">\n\t\t\t<div class=\"elementor-widget-wrap\">\n\t\t\t\t\t\t\t<\/div>\n\t\t<\/div>\n\t\t\t\t\t<\/div>\n\t\t<\/section>\n\t\t\t\t<section class=\"elementor-section elementor-top-section elementor-element elementor-element-d0a8178 elementor-section-boxed elementor-section-height-default elementor-section-height-default\" data-id=\"d0a8178\" data-element_type=\"section\" data-e-type=\"section\">\n\t\t\t\t\t\t<div class=\"elementor-container elementor-column-gap-default\">\n\t\t\t\t\t<div class=\"elementor-column elementor-col-100 elementor-top-column elementor-element elementor-element-ad56a30\" data-id=\"ad56a30\" data-element_type=\"column\" data-e-type=\"column\">\n\t\t\t<div class=\"elementor-widget-wrap elementor-element-populated\">\n\t\t\t\t\t\t<div class=\"elementor-element elementor-element-2b3794a elementor-widget-divider--view-line elementor-widget elementor-widget-divider\" data-id=\"2b3794a\" data-element_type=\"widget\" data-e-type=\"widget\" data-widget_type=\"divider.default\">\n\t\t\t\t\t\t\t<div class=\"elementor-divider\">\n\t\t\t<span class=\"elementor-divider-separator\">\n\t\t\t\t\t\t<\/span>\n\t\t<\/div>\n\t\t\t\t\t\t<\/div>\n\t\t\t\t\t<\/div>\n\t\t<\/div>\n\t\t\t\t\t<\/div>\n\t\t<\/section>\n\t\t\t\t<\/div>\n\t\t","protected":false},"excerpt":{"rendered":"<p>Nivel Inicial Ver m\u00e1s El NIVEL INICIAL tiene una clara intencionalidad pedag\u00f3gica, que brinda al ni\u00f1o una formaci\u00f3n integral que toma como punto de partida los saberes previos de cada alumno y abarca los aspectos sociales, afectivo-emocionales, cognitivos, motrices y expresivos, favoreciendo la promoci\u00f3n de conocimientos que se profundizar\u00e1n a lo largo de la vida&hellip;&nbsp;<a href=\"https:\/\/colegiodelcarmenmdp.edu.ar\/index.php\/porfolio\/\" rel=\"bookmark\">Leer m\u00e1s &raquo;<span class=\"screen-reader-text\">Niveles<\/span><\/a><\/p>\n","protected":false},"author":1,"featured_media":0,"parent":0,"menu_order":0,"comment_status":"closed","ping_status":"closed","template":"elementor_header_footer","meta":{"_eb_attr":"","neve_meta_sidebar":"","neve_meta_container":"","neve_meta_enable_content_width":"on","neve_meta_content_width":100,"neve_meta_title_alignment":"","neve_meta_author_avatar":"","neve_post_elements_order":"","neve_meta_disable_header":"","neve_meta_disable_footer":"","neve_meta_disable_title":"on","footnotes":""},"class_list":["post-11","page","type-page","status-publish","hentry"],"yoast_head":"<!-- This site is optimized with the Yoast SEO plugin v26.8 - https:\/\/yoast.com\/product\/yoast-seo-wordpress\/ -->\n<title>Niveles -<\/title>\n<meta name=\"robots\" content=\"index, follow, max-snippet:-1, max-image-preview:large, max-video-preview:-1\" \/>\n<link rel=\"canonical\" href=\"https:\/\/colegiodelcarmenmdp.edu.ar\/index.php\/porfolio\/\" \/>\n<meta property=\"og:locale\" content=\"es_ES\" \/>\n<meta property=\"og:type\" content=\"article\" \/>\n<meta property=\"og:title\" content=\"Niveles -\" \/>\n<meta property=\"og:description\" content=\"Nivel Inicial Ver m\u00e1s El NIVEL INICIAL tiene una clara intencionalidad pedag\u00f3gica, que brinda al ni\u00f1o una formaci\u00f3n integral que toma como punto de partida los saberes previos de cada alumno y abarca los aspectos sociales, afectivo-emocionales, cognitivos, motrices y expresivos, favoreciendo la promoci\u00f3n de conocimientos que se profundizar\u00e1n a lo largo de la vida&hellip;&nbsp;Leer m\u00e1s &raquo;Niveles\" \/>\n<meta property=\"og:url\" content=\"https:\/\/colegiodelcarmenmdp.edu.ar\/index.php\/porfolio\/\" \/>\n<meta property=\"article:modified_time\" content=\"2022-08-10T00:16:02+00:00\" \/>\n<meta name=\"twitter:card\" content=\"summary_large_image\" \/>\n<meta name=\"twitter:label1\" content=\"Tiempo de lectura\" \/>\n\t<meta name=\"twitter:data1\" content=\"1 minuto\" \/>\n<script type=\"application\/ld+json\" class=\"yoast-schema-graph\">{\"@context\":\"https:\/\/schema.org\",\"@graph\":[{\"@type\":\"WebPage\",\"@id\":\"https:\/\/colegiodelcarmenmdp.edu.ar\/index.php\/porfolio\/\",\"url\":\"https:\/\/colegiodelcarmenmdp.edu.ar\/index.php\/porfolio\/\",\"name\":\"Niveles -\",\"isPartOf\":{\"@id\":\"https:\/\/colegiodelcarmenmdp.edu.ar\/#website\"},\"datePublished\":\"2021-12-04T00:20:14+00:00\",\"dateModified\":\"2022-08-10T00:16:02+00:00\",\"breadcrumb\":{\"@id\":\"https:\/\/colegiodelcarmenmdp.edu.ar\/index.php\/porfolio\/#breadcrumb\"},\"inLanguage\":\"es\",\"potentialAction\":[{\"@type\":\"ReadAction\",\"target\":[\"https:\/\/colegiodelcarmenmdp.edu.ar\/index.php\/porfolio\/\"]}]},{\"@type\":\"BreadcrumbList\",\"@id\":\"https:\/\/colegiodelcarmenmdp.edu.ar\/index.php\/porfolio\/#breadcrumb\",\"itemListElement\":[{\"@type\":\"ListItem\",\"position\":1,\"name\":\"Portada\",\"item\":\"https:\/\/colegiodelcarmenmdp.edu.ar\/\"},{\"@type\":\"ListItem\",\"position\":2,\"name\":\"Niveles\"}]},{\"@type\":\"WebSite\",\"@id\":\"https:\/\/colegiodelcarmenmdp.edu.ar\/#website\",\"url\":\"https:\/\/colegiodelcarmenmdp.edu.ar\/\",\"name\":\"colegiodelcarmenmdp.edu.ar\",\"description\":\"\u201cDesde 1958 educando para la paz, la verdad y la justicia\u201d\",\"publisher\":{\"@id\":\"https:\/\/colegiodelcarmenmdp.edu.ar\/#organization\"},\"potentialAction\":[{\"@type\":\"SearchAction\",\"target\":{\"@type\":\"EntryPoint\",\"urlTemplate\":\"https:\/\/colegiodelcarmenmdp.edu.ar\/?s={search_term_string}\"},\"query-input\":{\"@type\":\"PropertyValueSpecification\",\"valueRequired\":true,\"valueName\":\"search_term_string\"}}],\"inLanguage\":\"es\"},{\"@type\":\"Organization\",\"@id\":\"https:\/\/colegiodelcarmenmdp.edu.ar\/#organization\",\"name\":\"Colegio Del Carmen\",\"url\":\"https:\/\/colegiodelcarmenmdp.edu.ar\/\",\"logo\":{\"@type\":\"ImageObject\",\"inLanguage\":\"es\",\"@id\":\"https:\/\/colegiodelcarmenmdp.edu.ar\/#\/schema\/logo\/image\/\",\"url\":\"https:\/\/colegiodelcarmenmdp.edu.ar\/wp-content\/uploads\/2021\/12\/EL-CARMEN.png\",\"contentUrl\":\"https:\/\/colegiodelcarmenmdp.edu.ar\/wp-content\/uploads\/2021\/12\/EL-CARMEN.png\",\"width\":205,\"height\":238,\"caption\":\"Colegio Del Carmen\"},\"image\":{\"@id\":\"https:\/\/colegiodelcarmenmdp.edu.ar\/#\/schema\/logo\/image\/\"}}]}<\/script>\n<!-- \/ Yoast SEO plugin. -->","yoast_head_json":{"title":"Niveles -","robots":{"index":"index","follow":"follow","max-snippet":"max-snippet:-1","max-image-preview":"max-image-preview:large","max-video-preview":"max-video-preview:-1"},"canonical":"https:\/\/colegiodelcarmenmdp.edu.ar\/index.php\/porfolio\/","og_locale":"es_ES","og_type":"article","og_title":"Niveles -","og_description":"Nivel Inicial Ver m\u00e1s El NIVEL INICIAL tiene una clara intencionalidad pedag\u00f3gica, que brinda al ni\u00f1o una formaci\u00f3n integral que toma como punto de partida los saberes previos de cada alumno y abarca los aspectos sociales, afectivo-emocionales, cognitivos, motrices y expresivos, favoreciendo la promoci\u00f3n de conocimientos que se profundizar\u00e1n a lo largo de la vida&hellip;&nbsp;Leer m\u00e1s &raquo;Niveles","og_url":"https:\/\/colegiodelcarmenmdp.edu.ar\/index.php\/porfolio\/","article_modified_time":"2022-08-10T00:16:02+00:00","twitter_card":"summary_large_image","twitter_misc":{"Tiempo de lectura":"1 minuto"},"schema":{"@context":"https:\/\/schema.org","@graph":[{"@type":"WebPage","@id":"https:\/\/colegiodelcarmenmdp.edu.ar\/index.php\/porfolio\/","url":"https:\/\/colegiodelcarmenmdp.edu.ar\/index.php\/porfolio\/","name":"Niveles -","isPartOf":{"@id":"https:\/\/colegiodelcarmenmdp.edu.ar\/#website"},"datePublished":"2021-12-04T00:20:14+00:00","dateModified":"2022-08-10T00:16:02+00:00","breadcrumb":{"@id":"https:\/\/colegiodelcarmenmdp.edu.ar\/index.php\/porfolio\/#breadcrumb"},"inLanguage":"es","potentialAction":[{"@type":"ReadAction","target":["https:\/\/colegiodelcarmenmdp.edu.ar\/index.php\/porfolio\/"]}]},{"@type":"BreadcrumbList","@id":"https:\/\/colegiodelcarmenmdp.edu.ar\/index.php\/porfolio\/#breadcrumb","itemListElement":[{"@type":"ListItem","position":1,"name":"Portada","item":"https:\/\/colegiodelcarmenmdp.edu.ar\/"},{"@type":"ListItem","position":2,"name":"Niveles"}]},{"@type":"WebSite","@id":"https:\/\/colegiodelcarmenmdp.edu.ar\/#website","url":"https:\/\/colegiodelcarmenmdp.edu.ar\/","name":"colegiodelcarmenmdp.edu.ar","description":"\u201cDesde 1958 educando para la paz, la verdad y la justicia\u201d","publisher":{"@id":"https:\/\/colegiodelcarmenmdp.edu.ar\/#organization"},"potentialAction":[{"@type":"SearchAction","target":{"@type":"EntryPoint","urlTemplate":"https:\/\/colegiodelcarmenmdp.edu.ar\/?s={search_term_string}"},"query-input":{"@type":"PropertyValueSpecification","valueRequired":true,"valueName":"search_term_string"}}],"inLanguage":"es"},{"@type":"Organization","@id":"https:\/\/colegiodelcarmenmdp.edu.ar\/#organization","name":"Colegio Del Carmen","url":"https:\/\/colegiodelcarmenmdp.edu.ar\/","logo":{"@type":"ImageObject","inLanguage":"es","@id":"https:\/\/colegiodelcarmenmdp.edu.ar\/#\/schema\/logo\/image\/","url":"https:\/\/colegiodelcarmenmdp.edu.ar\/wp-content\/uploads\/2021\/12\/EL-CARMEN.png","contentUrl":"https:\/\/colegiodelcarmenmdp.edu.ar\/wp-content\/uploads\/2021\/12\/EL-CARMEN.png","width":205,"height":238,"caption":"Colegio Del Carmen"},"image":{"@id":"https:\/\/colegiodelcarmenmdp.edu.ar\/#\/schema\/logo\/image\/"}}]}},"_links":{"self":[{"href":"https:\/\/colegiodelcarmenmdp.edu.ar\/index.php\/wp-json\/wp\/v2\/pages\/11","targetHints":{"allow":["GET"]}}],"collection":[{"href":"https:\/\/colegiodelcarmenmdp.edu.ar\/index.php\/wp-json\/wp\/v2\/pages"}],"about":[{"href":"https:\/\/colegiodelcarmenmdp.edu.ar\/index.php\/wp-json\/wp\/v2\/types\/page"}],"author":[{"embeddable":true,"href":"https:\/\/colegiodelcarmenmdp.edu.ar\/index.php\/wp-json\/wp\/v2\/users\/1"}],"replies":[{"embeddable":true,"href":"https:\/\/colegiodelcarmenmdp.edu.ar\/index.php\/wp-json\/wp\/v2\/comments?post=11"}],"version-history":[{"count":86,"href":"https:\/\/colegiodelcarmenmdp.edu.ar\/index.php\/wp-json\/wp\/v2\/pages\/11\/revisions"}],"predecessor-version":[{"id":1017,"href":"https:\/\/colegiodelcarmenmdp.edu.ar\/index.php\/wp-json\/wp\/v2\/pages\/11\/revisions\/1017"}],"wp:attachment":[{"href":"https:\/\/colegiodelcarmenmdp.edu.ar\/index.php\/wp-json\/wp\/v2\/media?parent=11"}],"curies":[{"name":"wp","href":"https:\/\/api.w.org\/{rel}","templated":true}]}}