{"id":12,"date":"2021-12-04T00:20:14","date_gmt":"2021-12-04T00:20:14","guid":{"rendered":"http:\/\/delcarmen.ccdea.com\/?page_id=12"},"modified":"2025-07-01T14:11:13","modified_gmt":"2025-07-01T14:11:13","slug":"detalles-del-proyecto","status":"publish","type":"page","link":"https:\/\/colegiodelcarmenmdp.edu.ar\/index.php\/detalles-del-proyecto\/","title":{"rendered":"Admisi\u00f3n"},"content":{"rendered":"\t\t<div data-elementor-type=\"wp-page\" data-elementor-id=\"12\" class=\"elementor elementor-12\">\n\t\t\t\t<div class=\"elementor-element elementor-element-42a13c1 e-flex e-con-boxed e-con e-parent\" data-id=\"42a13c1\" data-element_type=\"container\" data-e-type=\"container\">\n\t\t\t\t\t<div class=\"e-con-inner\">\n\t\t\t\t<div class=\"elementor-element elementor-element-86085df elementor-widget elementor-widget-heading\" data-id=\"86085df\" data-element_type=\"widget\" data-e-type=\"widget\" data-widget_type=\"heading.default\">\n\t\t\t\t\t<h2 class=\"elementor-heading-title elementor-size-default\"><span style=\", sans-serif;font-size: 35px;text-align: center\">PRE-INSCRIPCIONES CICLO LECTIVO 2026<\/span><\/h2>\t\t\t\t<\/div>\n\t\t\t\t<div class=\"elementor-element elementor-element-f705ec3 elementor-widget elementor-widget-text-editor\" data-id=\"f705ec3\" data-element_type=\"widget\" data-e-type=\"widget\" data-widget_type=\"text-editor.default\">\n\t\t\t\t\t\t\t\t\t<p style=\"text-align: left;\"><span style=\"font-weight: 400; color: #000000;\">A toda la comunidad de Mar del Plata:<\/span><\/p><p><span style=\"color: #000000;\"><span style=\"font-weight: 400;\">Nos es grato informar que, a partir de la fecha, se encuentra abierta la preinscripci\u00f3n para alumnos nuevos que deseen ingresar en el pr\u00f3ximo Ciclo Lectivo 2026 en alguno de los niveles educativos con los que contamos.<\/span><\/span><\/p><p><span style=\"color: #000000;\"><span style=\"font-weight: 400;\">La solicitud comienza completando el formulario correspondiente al nivel al cual se solicita la vacante, a trav\u00e9s del siguiente link:<\/span><\/span><\/p>\t\t\t\t\t\t\t\t<\/div>\n\t\t\t\t<div class=\"elementor-element elementor-element-940585e elementor-widget elementor-widget-text-editor\" data-id=\"940585e\" data-element_type=\"widget\" data-e-type=\"widget\" data-widget_type=\"text-editor.default\">\n\t\t\t\t\t\t\t\t\t<p><a href=\"https:\/\/docs.google.com\/forms\/d\/e\/1FAIpQLSdzoxkkqMcHTuG83eiLNW5gfreS4JiThunRIL6QWq1Yqcma4Q\/viewform?usp=header\">Preinscripci\u00f3n Nivel Inicial<\/a><\/p><p><a href=\"https:\/\/docs.google.com\/forms\/d\/e\/1FAIpQLSeX2SMUYIYwIhGaRSvgHz2wVxoiGlMv3J9H4qBvunaFmIcT-w\/viewform?usp=header\">Preinscripci\u00f3n Nivel Primario<\/a><\/p><p><a href=\"https:\/\/docs.google.com\/forms\/d\/e\/1FAIpQLSfDeCqef5xLXcThR10IUXMJcaV2rQqCj7KOVPfzB7PNu1E3hg\/viewform?usp=sharing&amp;ouid=105242909921930744861\">Preinscripci\u00f3n Nivel Secundario<\/a><\/p><p><a href=\"https:\/\/docs.google.com\/forms\/d\/e\/1FAIpQLScYsriTbjvUwr1bCqwc82DisjDx5m300X6CMygDiLULZ1v9ew\/viewform?usp=header\">Preinscripci\u00f3n para hermanos de alumnos<\/a><\/p>\t\t\t\t\t\t\t\t<\/div>\n\t\t\t\t\t<\/div>\n\t\t\t\t<\/div>\n\t\t\t\t<section class=\"elementor-section elementor-top-section elementor-element elementor-element-f0f7b75 elementor-section-boxed elementor-section-height-default elementor-section-height-default\" data-id=\"f0f7b75\" data-element_type=\"section\" data-e-type=\"section\">\n\t\t\t\t\t\t<div class=\"elementor-container elementor-column-gap-default\">\n\t\t\t\t\t<div class=\"elementor-column elementor-col-100 elementor-top-column elementor-element elementor-element-441d8e3\" data-id=\"441d8e3\" data-element_type=\"column\" data-e-type=\"column\">\n\t\t\t<div class=\"elementor-widget-wrap elementor-element-populated\">\n\t\t\t\t\t\t<div class=\"elementor-element elementor-element-3722430 elementor-widget elementor-widget-text-editor\" data-id=\"3722430\" data-element_type=\"widget\" data-e-type=\"widget\" data-widget_type=\"text-editor.default\">\n\t\t\t\t\t\t\t\t\t<p><span style=\"font-weight: 400; color: #000000;\">Se debe tener en cuenta que, el orden de ingreso a nuestra instituci\u00f3n, est\u00e1 determinado de la siguiente manera:<\/span><\/p><ul><li style=\"font-weight: 400;\" aria-level=\"1\"><span style=\"font-weight: 400; color: #000000;\">Estudiantes actuales<\/span><\/li><li style=\"font-weight: 400;\" aria-level=\"1\"><span style=\"font-weight: 400; color: #000000;\">Hijos\/as del personal<\/span><\/li><li style=\"font-weight: 400;\" aria-level=\"1\"><span style=\"font-weight: 400; color: #000000;\">Hermanos\/as de estudiantes actuales<\/span><\/li><li style=\"font-weight: 400;\" aria-level=\"1\"><span style=\"font-weight: 400; color: #000000;\">Hijos\/as de exalumnos<\/span><\/li><li style=\"font-weight: 400;\" aria-level=\"1\"><span style=\"font-weight: 400; color: #000000;\">Comunidad en Gral.<\/span><\/li><\/ul><p>\u00a0<\/p><p><span style=\"font-weight: 400; color: #000000;\">Completado el formulario, nos comunicaremos oportunamente con las familias solicitantes seg\u00fan las vacantes disponibles, y as\u00ed habilitarlos a continuar con el proceso de Preinscripci\u00f3n.<\/span><\/p><p><span style=\"font-weight: 400; color: #000000;\">Agradecemos, como siempre, la confianza depositada en nuestra instituci\u00f3n educativa y les enviamos un saludo cordial.<\/span><\/p><p><span style=\"font-weight: 400; color: #000000;\">Equipo de Conducci\u00f3n<\/span><\/p>\t\t\t\t\t\t\t\t<\/div>\n\t\t\t\t\t<\/div>\n\t\t<\/div>\n\t\t\t\t\t<\/div>\n\t\t<\/section>\n\t\t\t\t<section class=\"elementor-section elementor-top-section elementor-element elementor-element-69d772f elementor-section-boxed elementor-section-height-default elementor-section-height-default\" data-id=\"69d772f\" data-element_type=\"section\" data-e-type=\"section\">\n\t\t\t\t\t\t<div class=\"elementor-container elementor-column-gap-default\">\n\t\t\t\t\t<div class=\"elementor-column elementor-col-100 elementor-top-column elementor-element elementor-element-9464d6c\" data-id=\"9464d6c\" data-element_type=\"column\" data-e-type=\"column\">\n\t\t\t<div class=\"elementor-widget-wrap\">\n\t\t\t\t\t\t\t<\/div>\n\t\t<\/div>\n\t\t\t\t\t<\/div>\n\t\t<\/section>\n\t\t\t\t<section class=\"elementor-section elementor-top-section elementor-element elementor-element-50039175 elementor-section-content-middle elementor-section-boxed elementor-section-height-default elementor-section-height-default\" data-id=\"50039175\" data-element_type=\"section\" data-e-type=\"section\" data-settings=\"{&quot;background_background&quot;:&quot;classic&quot;}\">\n\t\t\t\t\t\t<div class=\"elementor-container elementor-column-gap-no\">\n\t\t\t\t\t<div class=\"elementor-column elementor-col-100 elementor-top-column elementor-element elementor-element-41d1d792\" data-id=\"41d1d792\" data-element_type=\"column\" data-e-type=\"column\">\n\t\t\t<div class=\"elementor-widget-wrap elementor-element-populated\">\n\t\t\t\t\t\t<div class=\"elementor-element elementor-element-63d5c066 elementor-widget elementor-widget-heading\" data-id=\"63d5c066\" data-element_type=\"widget\" data-e-type=\"widget\" data-widget_type=\"heading.default\">\n\t\t\t\t\t<h4 class=\"elementor-heading-title elementor-size-default\">UNIFORME<\/h4>\t\t\t\t<\/div>\n\t\t\t\t<div class=\"elementor-element elementor-element-781c87fb elementor-widget elementor-widget-text-editor\" data-id=\"781c87fb\" data-element_type=\"widget\" data-e-type=\"widget\" data-widget_type=\"text-editor.default\">\n\t\t\t\t\t\t\t\t\t<p><strong>Uso del uniforme obligatorio:<\/strong><br \/><span style=\"color: var( --e-global-color-nvsitebg ); background-color: var( --e-global-color-nvprimaryaccent ); letter-spacing: var(--bodyletterspacing); text-transform: var(--bodytexttransform);\">Pantal\u00f3n azul de gimnasia sin rayas, chomba blanca\u00a0<\/span><span style=\"color: var( --e-global-color-nvsitebg ); letter-spacing: var(--bodyletterspacing); text-transform: var(--bodytexttransform); background-color: var( --e-global-color-nvprimaryaccent );\">con distintivo, pul\u00f3ver azul, con cuello redondo, con vivo blanco y distintivo, buzo polar con\u00a0<\/span><span style=\"color: var( --e-global-color-nvsitebg ); letter-spacing: var(--bodyletterspacing); text-transform: var(--bodytexttransform); background-color: var( --e-global-color-nvprimaryaccent );\">distintivo campera y\/o rompevientos azul con distintivo, zapatillas blancas, negras o azules,\u00a0<\/span><span style=\"color: var( --e-global-color-nvsitebg ); letter-spacing: var(--bodyletterspacing); text-transform: var(--bodytexttransform); background-color: var( --e-global-color-nvprimaryaccent );\">medias blancas. Bermudas\u00a0<\/span><span style=\"color: var( --e-global-color-nvsitebg ); letter-spacing: var(--bodyletterspacing); text-transform: var(--bodytexttransform); background-color: var( --e-global-color-nvprimaryaccent );\">color azul marino liso opcional (no short ni malla). En el <strong>nivel secundario<\/strong>, l<\/span><span style=\"color: var( --e-global-color-nvsitebg ); letter-spacing: var(--bodyletterspacing); text-transform: var(--bodytexttransform); background-color: var( --e-global-color-nvprimaryaccent );\">as alumnas mujeres podr\u00e1n usar alternativamente en los d\u00edas de calor pollera short azul con <\/span><span style=\"color: var( --e-global-color-nvsitebg ); background-color: var( --e-global-color-nvprimaryaccent ); letter-spacing: var(--bodyletterspacing); text-transform: var(--bodytexttransform);\">distintivo. Para <strong>Educaci\u00f3n F\u00edsica:<\/strong> pantal\u00f3n azul largo o corto azul (no malla), remeras blancas sin estampados.<\/span><\/p>\t\t\t\t\t\t\t\t<\/div>\n\t\t\t\t\t<\/div>\n\t\t<\/div>\n\t\t\t\t\t<\/div>\n\t\t<\/section>\n\t\t\t\t<section class=\"elementor-section elementor-top-section elementor-element elementor-element-5700182 elementor-section-boxed elementor-section-height-default elementor-section-height-default\" data-id=\"5700182\" data-element_type=\"section\" data-e-type=\"section\" data-settings=\"{&quot;background_background&quot;:&quot;classic&quot;}\">\n\t\t\t\t\t\t<div class=\"elementor-container elementor-column-gap-default\">\n\t\t\t\t\t<div class=\"elementor-column elementor-col-100 elementor-top-column elementor-element elementor-element-54187cd\" data-id=\"54187cd\" data-element_type=\"column\" data-e-type=\"column\">\n\t\t\t<div class=\"elementor-widget-wrap elementor-element-populated\">\n\t\t\t\t\t\t<div class=\"elementor-element elementor-element-05fd55a elementor-widget elementor-widget-text-editor\" data-id=\"05fd55a\" data-element_type=\"widget\" data-e-type=\"widget\" data-widget_type=\"text-editor.default\">\n\t\t\t\t\t\t\t\t\t<p>Locales donde pod\u00e9s adquirir el uniforme:<\/p>\t\t\t\t\t\t\t\t<\/div>\n\t\t\t\t<div class=\"elementor-element elementor-element-50a69ca elementor-arrows-position-inside elementor-widget elementor-widget-image-carousel\" data-id=\"50a69ca\" data-element_type=\"widget\" data-e-type=\"widget\" data-settings=\"{&quot;navigation&quot;:&quot;arrows&quot;,&quot;autoplay&quot;:&quot;yes&quot;,&quot;pause_on_hover&quot;:&quot;yes&quot;,&quot;pause_on_interaction&quot;:&quot;yes&quot;,&quot;autoplay_speed&quot;:5000,&quot;infinite&quot;:&quot;yes&quot;,&quot;speed&quot;:500}\" data-widget_type=\"image-carousel.default\">\n\t\t\t\t\t\t\t<div class=\"elementor-image-carousel-wrapper swiper\" role=\"region\" aria-roledescription=\"carousel\" aria-label=\"Carrusel de im\u00e1genes\" dir=\"ltr\">\n\t\t\t<div class=\"elementor-image-carousel swiper-wrapper\" aria-live=\"off\">\n\t\t\t\t\t\t\t\t<div class=\"swiper-slide\" role=\"group\" aria-roledescription=\"slide\" aria-label=\"1 de 5\"><figure class=\"swiper-slide-inner\"><img decoding=\"async\" class=\"swiper-slide-image\" src=\"https:\/\/colegiodelcarmenmdp.edu.ar\/wp-content\/uploads\/2022\/04\/img212-274x300.jpg\" alt=\"Pisa Pisuela Uniformes Escolares\" \/><\/figure><\/div><div class=\"swiper-slide\" role=\"group\" aria-roledescription=\"slide\" aria-label=\"2 de 5\"><figure class=\"swiper-slide-inner\"><img decoding=\"async\" class=\"swiper-slide-image\" src=\"https:\/\/colegiodelcarmenmdp.edu.ar\/wp-content\/uploads\/2022\/04\/img214-196x300.jpg\" alt=\"ABC Uniformes Escolares\" \/><\/figure><\/div><div class=\"swiper-slide\" role=\"group\" aria-roledescription=\"slide\" aria-label=\"3 de 5\"><figure class=\"swiper-slide-inner\"><img decoding=\"async\" class=\"swiper-slide-image\" src=\"https:\/\/colegiodelcarmenmdp.edu.ar\/wp-content\/uploads\/2022\/04\/img215-201x300.jpg\" alt=\"Hora Libre Uniformes\" \/><\/figure><\/div><div class=\"swiper-slide\" role=\"group\" aria-roledescription=\"slide\" aria-label=\"4 de 5\"><figure class=\"swiper-slide-inner\"><img decoding=\"async\" class=\"swiper-slide-image\" src=\"https:\/\/colegiodelcarmenmdp.edu.ar\/wp-content\/uploads\/2022\/04\/img216-300x194.jpg\" alt=\"Claudia Uniformes Escolares\" \/><\/figure><\/div><div class=\"swiper-slide\" role=\"group\" aria-roledescription=\"slide\" aria-label=\"5 de 5\"><figure class=\"swiper-slide-inner\"><img decoding=\"async\" class=\"swiper-slide-image\" src=\"https:\/\/colegiodelcarmenmdp.edu.ar\/wp-content\/uploads\/2022\/04\/img217-174x300.jpg\" alt=\"Uniformes Escolares\" \/><\/figure><\/div>\t\t\t<\/div>\n\t\t\t\t\t\t\t\t\t\t\t\t<div class=\"elementor-swiper-button elementor-swiper-button-prev\" role=\"button\" tabindex=\"0\">\n\t\t\t\t\t\t<svg aria-hidden=\"true\" class=\"e-font-icon-svg e-eicon-chevron-left\" viewBox=\"0 0 1000 1000\" xmlns=\"http:\/\/www.w3.org\/2000\/svg\"><path d=\"M646 125C629 125 613 133 604 142L308 442C296 454 292 471 292 487 292 504 296 521 308 533L604 854C617 867 629 875 646 875 663 875 679 871 692 858 704 846 713 829 713 812 713 796 708 779 692 767L438 487 692 225C700 217 708 204 708 187 708 171 704 154 692 142 675 129 663 125 646 125Z\"><\/path><\/svg>\t\t\t\t\t<\/div>\n\t\t\t\t\t<div class=\"elementor-swiper-button elementor-swiper-button-next\" role=\"button\" tabindex=\"0\">\n\t\t\t\t\t\t<svg aria-hidden=\"true\" class=\"e-font-icon-svg e-eicon-chevron-right\" viewBox=\"0 0 1000 1000\" xmlns=\"http:\/\/www.w3.org\/2000\/svg\"><path d=\"M696 533C708 521 713 504 713 487 713 471 708 454 696 446L400 146C388 133 375 125 354 125 338 125 325 129 313 142 300 154 292 171 292 187 292 204 296 221 308 233L563 492 304 771C292 783 288 800 288 817 288 833 296 850 308 863 321 871 338 875 354 875 371 875 388 867 400 854L696 533Z\"><\/path><\/svg>\t\t\t\t\t<\/div>\n\t\t\t\t\n\t\t\t\t\t\t\t\t\t<\/div>\n\t\t\t\t\t\t<\/div>\n\t\t\t\t<div class=\"elementor-element elementor-element-92e7538 elementor-widget-divider--view-line elementor-widget elementor-widget-divider\" data-id=\"92e7538\" data-element_type=\"widget\" data-e-type=\"widget\" data-widget_type=\"divider.default\">\n\t\t\t\t\t\t\t<div class=\"elementor-divider\">\n\t\t\t<span class=\"elementor-divider-separator\">\n\t\t\t\t\t\t<\/span>\n\t\t<\/div>\n\t\t\t\t\t\t<\/div>\n\t\t\t\t\t<\/div>\n\t\t<\/div>\n\t\t\t\t\t<\/div>\n\t\t<\/section>\n\t\t\t\t<section class=\"elementor-section elementor-top-section elementor-element elementor-element-dc0742f elementor-section-boxed elementor-section-height-default elementor-section-height-default\" data-id=\"dc0742f\" data-element_type=\"section\" data-e-type=\"section\">\n\t\t\t\t\t\t<div class=\"elementor-container elementor-column-gap-default\">\n\t\t\t\t\t<div class=\"elementor-column elementor-col-100 elementor-top-column elementor-element elementor-element-66fb512\" data-id=\"66fb512\" data-element_type=\"column\" data-e-type=\"column\">\n\t\t\t<div class=\"elementor-widget-wrap elementor-element-populated\">\n\t\t\t\t\t\t<section class=\"elementor-section elementor-inner-section elementor-element elementor-element-e0a4e94 elementor-section-boxed elementor-section-height-default elementor-section-height-default\" data-id=\"e0a4e94\" data-element_type=\"section\" data-e-type=\"section\">\n\t\t\t\t\t\t<div class=\"elementor-container elementor-column-gap-default\">\n\t\t\t\t\t<div class=\"elementor-column elementor-col-50 elementor-inner-column elementor-element elementor-element-951c5ca\" data-id=\"951c5ca\" data-element_type=\"column\" data-e-type=\"column\">\n\t\t\t<div class=\"elementor-widget-wrap\">\n\t\t\t\t\t\t\t<\/div>\n\t\t<\/div>\n\t\t\t\t<div class=\"elementor-column elementor-col-50 elementor-inner-column elementor-element elementor-element-caf645f\" data-id=\"caf645f\" data-element_type=\"column\" data-e-type=\"column\">\n\t\t\t<div class=\"elementor-widget-wrap\">\n\t\t\t\t\t\t\t<\/div>\n\t\t<\/div>\n\t\t\t\t\t<\/div>\n\t\t<\/section>\n\t\t\t\t\t<\/div>\n\t\t<\/div>\n\t\t\t\t\t<\/div>\n\t\t<\/section>\n\t\t\t\t<\/div>\n\t\t","protected":false},"excerpt":{"rendered":"<p>PRE-INSCRIPCIONES CICLO LECTIVO 2026 A toda la comunidad de Mar del Plata: Nos es grato informar que, a partir de la fecha, se encuentra abierta la preinscripci\u00f3n para alumnos nuevos que deseen ingresar en el pr\u00f3ximo Ciclo Lectivo 2026 en alguno de los niveles educativos con los que contamos. La solicitud comienza completando el formulario&hellip;&nbsp;<a href=\"https:\/\/colegiodelcarmenmdp.edu.ar\/index.php\/detalles-del-proyecto\/\" rel=\"bookmark\">Leer m\u00e1s &raquo;<span class=\"screen-reader-text\">Admisi\u00f3n<\/span><\/a><\/p>\n","protected":false},"author":1,"featured_media":0,"parent":0,"menu_order":0,"comment_status":"closed","ping_status":"closed","template":"elementor_header_footer","meta":{"_eb_attr":"","neve_meta_sidebar":"","neve_meta_container":"","neve_meta_enable_content_width":"on","neve_meta_content_width":100,"neve_meta_title_alignment":"","neve_meta_author_avatar":"","neve_post_elements_order":"","neve_meta_disable_header":"","neve_meta_disable_footer":"","neve_meta_disable_title":"on","footnotes":""},"class_list":["post-12","page","type-page","status-publish","hentry"],"yoast_head":"<!-- This site is optimized with the Yoast SEO plugin v26.8 - https:\/\/yoast.com\/product\/yoast-seo-wordpress\/ -->\n<title>Admisi\u00f3n -<\/title>\n<meta name=\"robots\" content=\"index, follow, max-snippet:-1, max-image-preview:large, max-video-preview:-1\" \/>\n<link rel=\"canonical\" href=\"https:\/\/colegiodelcarmenmdp.edu.ar\/index.php\/detalles-del-proyecto\/\" \/>\n<meta property=\"og:locale\" content=\"es_ES\" \/>\n<meta property=\"og:type\" content=\"article\" \/>\n<meta property=\"og:title\" content=\"Admisi\u00f3n -\" \/>\n<meta property=\"og:description\" content=\"PRE-INSCRIPCIONES CICLO LECTIVO 2026 A toda la comunidad de Mar del Plata: Nos es grato informar que, a partir de la fecha, se encuentra abierta la preinscripci\u00f3n para alumnos nuevos que deseen ingresar en el pr\u00f3ximo Ciclo Lectivo 2026 en alguno de los niveles educativos con los que contamos. La solicitud comienza completando el formulario&hellip;&nbsp;Leer m\u00e1s &raquo;Admisi\u00f3n\" \/>\n<meta property=\"og:url\" content=\"https:\/\/colegiodelcarmenmdp.edu.ar\/index.php\/detalles-del-proyecto\/\" \/>\n<meta property=\"article:modified_time\" content=\"2025-07-01T14:11:13+00:00\" \/>\n<meta property=\"og:image\" content=\"https:\/\/colegiodelcarmenmdp.edu.ar\/wp-content\/uploads\/2022\/04\/img212-274x300.jpg\" \/>\n<meta name=\"twitter:card\" content=\"summary_large_image\" \/>\n<meta name=\"twitter:label1\" content=\"Tiempo de lectura\" \/>\n\t<meta name=\"twitter:data1\" content=\"4 minutos\" \/>\n<script type=\"application\/ld+json\" class=\"yoast-schema-graph\">{\"@context\":\"https:\/\/schema.org\",\"@graph\":[{\"@type\":\"WebPage\",\"@id\":\"https:\/\/colegiodelcarmenmdp.edu.ar\/index.php\/detalles-del-proyecto\/\",\"url\":\"https:\/\/colegiodelcarmenmdp.edu.ar\/index.php\/detalles-del-proyecto\/\",\"name\":\"Admisi\u00f3n -\",\"isPartOf\":{\"@id\":\"https:\/\/colegiodelcarmenmdp.edu.ar\/#website\"},\"primaryImageOfPage\":{\"@id\":\"https:\/\/colegiodelcarmenmdp.edu.ar\/index.php\/detalles-del-proyecto\/#primaryimage\"},\"image\":{\"@id\":\"https:\/\/colegiodelcarmenmdp.edu.ar\/index.php\/detalles-del-proyecto\/#primaryimage\"},\"thumbnailUrl\":\"https:\/\/colegiodelcarmenmdp.edu.ar\/wp-content\/uploads\/2022\/04\/img212-274x300.jpg\",\"datePublished\":\"2021-12-04T00:20:14+00:00\",\"dateModified\":\"2025-07-01T14:11:13+00:00\",\"breadcrumb\":{\"@id\":\"https:\/\/colegiodelcarmenmdp.edu.ar\/index.php\/detalles-del-proyecto\/#breadcrumb\"},\"inLanguage\":\"es\",\"potentialAction\":[{\"@type\":\"ReadAction\",\"target\":[\"https:\/\/colegiodelcarmenmdp.edu.ar\/index.php\/detalles-del-proyecto\/\"]}]},{\"@type\":\"ImageObject\",\"inLanguage\":\"es\",\"@id\":\"https:\/\/colegiodelcarmenmdp.edu.ar\/index.php\/detalles-del-proyecto\/#primaryimage\",\"url\":\"https:\/\/colegiodelcarmenmdp.edu.ar\/wp-content\/uploads\/2022\/04\/img212.jpg\",\"contentUrl\":\"https:\/\/colegiodelcarmenmdp.edu.ar\/wp-content\/uploads\/2022\/04\/img212.jpg\",\"width\":1116,\"height\":1223,\"caption\":\"Pisa Pisuela Uniformes Escolares\"},{\"@type\":\"BreadcrumbList\",\"@id\":\"https:\/\/colegiodelcarmenmdp.edu.ar\/index.php\/detalles-del-proyecto\/#breadcrumb\",\"itemListElement\":[{\"@type\":\"ListItem\",\"position\":1,\"name\":\"Portada\",\"item\":\"https:\/\/colegiodelcarmenmdp.edu.ar\/\"},{\"@type\":\"ListItem\",\"position\":2,\"name\":\"Admisi\u00f3n\"}]},{\"@type\":\"WebSite\",\"@id\":\"https:\/\/colegiodelcarmenmdp.edu.ar\/#website\",\"url\":\"https:\/\/colegiodelcarmenmdp.edu.ar\/\",\"name\":\"colegiodelcarmenmdp.edu.ar\",\"description\":\"\u201cDesde 1958 educando para la paz, la verdad y la justicia\u201d\",\"publisher\":{\"@id\":\"https:\/\/colegiodelcarmenmdp.edu.ar\/#organization\"},\"potentialAction\":[{\"@type\":\"SearchAction\",\"target\":{\"@type\":\"EntryPoint\",\"urlTemplate\":\"https:\/\/colegiodelcarmenmdp.edu.ar\/?s={search_term_string}\"},\"query-input\":{\"@type\":\"PropertyValueSpecification\",\"valueRequired\":true,\"valueName\":\"search_term_string\"}}],\"inLanguage\":\"es\"},{\"@type\":\"Organization\",\"@id\":\"https:\/\/colegiodelcarmenmdp.edu.ar\/#organization\",\"name\":\"Colegio Del Carmen\",\"url\":\"https:\/\/colegiodelcarmenmdp.edu.ar\/\",\"logo\":{\"@type\":\"ImageObject\",\"inLanguage\":\"es\",\"@id\":\"https:\/\/colegiodelcarmenmdp.edu.ar\/#\/schema\/logo\/image\/\",\"url\":\"https:\/\/colegiodelcarmenmdp.edu.ar\/wp-content\/uploads\/2021\/12\/EL-CARMEN.png\",\"contentUrl\":\"https:\/\/colegiodelcarmenmdp.edu.ar\/wp-content\/uploads\/2021\/12\/EL-CARMEN.png\",\"width\":205,\"height\":238,\"caption\":\"Colegio Del Carmen\"},\"image\":{\"@id\":\"https:\/\/colegiodelcarmenmdp.edu.ar\/#\/schema\/logo\/image\/\"}}]}<\/script>\n<!-- \/ Yoast SEO plugin. -->","yoast_head_json":{"title":"Admisi\u00f3n -","robots":{"index":"index","follow":"follow","max-snippet":"max-snippet:-1","max-image-preview":"max-image-preview:large","max-video-preview":"max-video-preview:-1"},"canonical":"https:\/\/colegiodelcarmenmdp.edu.ar\/index.php\/detalles-del-proyecto\/","og_locale":"es_ES","og_type":"article","og_title":"Admisi\u00f3n -","og_description":"PRE-INSCRIPCIONES CICLO LECTIVO 2026 A toda la comunidad de Mar del Plata: Nos es grato informar que, a partir de la fecha, se encuentra abierta la preinscripci\u00f3n para alumnos nuevos que deseen ingresar en el pr\u00f3ximo Ciclo Lectivo 2026 en alguno de los niveles educativos con los que contamos. La solicitud comienza completando el formulario&hellip;&nbsp;Leer m\u00e1s &raquo;Admisi\u00f3n","og_url":"https:\/\/colegiodelcarmenmdp.edu.ar\/index.php\/detalles-del-proyecto\/","article_modified_time":"2025-07-01T14:11:13+00:00","og_image":[{"url":"https:\/\/colegiodelcarmenmdp.edu.ar\/wp-content\/uploads\/2022\/04\/img212-274x300.jpg","type":"","width":"","height":""}],"twitter_card":"summary_large_image","twitter_misc":{"Tiempo de lectura":"4 minutos"},"schema":{"@context":"https:\/\/schema.org","@graph":[{"@type":"WebPage","@id":"https:\/\/colegiodelcarmenmdp.edu.ar\/index.php\/detalles-del-proyecto\/","url":"https:\/\/colegiodelcarmenmdp.edu.ar\/index.php\/detalles-del-proyecto\/","name":"Admisi\u00f3n -","isPartOf":{"@id":"https:\/\/colegiodelcarmenmdp.edu.ar\/#website"},"primaryImageOfPage":{"@id":"https:\/\/colegiodelcarmenmdp.edu.ar\/index.php\/detalles-del-proyecto\/#primaryimage"},"image":{"@id":"https:\/\/colegiodelcarmenmdp.edu.ar\/index.php\/detalles-del-proyecto\/#primaryimage"},"thumbnailUrl":"https:\/\/colegiodelcarmenmdp.edu.ar\/wp-content\/uploads\/2022\/04\/img212-274x300.jpg","datePublished":"2021-12-04T00:20:14+00:00","dateModified":"2025-07-01T14:11:13+00:00","breadcrumb":{"@id":"https:\/\/colegiodelcarmenmdp.edu.ar\/index.php\/detalles-del-proyecto\/#breadcrumb"},"inLanguage":"es","potentialAction":[{"@type":"ReadAction","target":["https:\/\/colegiodelcarmenmdp.edu.ar\/index.php\/detalles-del-proyecto\/"]}]},{"@type":"ImageObject","inLanguage":"es","@id":"https:\/\/colegiodelcarmenmdp.edu.ar\/index.php\/detalles-del-proyecto\/#primaryimage","url":"https:\/\/colegiodelcarmenmdp.edu.ar\/wp-content\/uploads\/2022\/04\/img212.jpg","contentUrl":"https:\/\/colegiodelcarmenmdp.edu.ar\/wp-content\/uploads\/2022\/04\/img212.jpg","width":1116,"height":1223,"caption":"Pisa Pisuela Uniformes Escolares"},{"@type":"BreadcrumbList","@id":"https:\/\/colegiodelcarmenmdp.edu.ar\/index.php\/detalles-del-proyecto\/#breadcrumb","itemListElement":[{"@type":"ListItem","position":1,"name":"Portada","item":"https:\/\/colegiodelcarmenmdp.edu.ar\/"},{"@type":"ListItem","position":2,"name":"Admisi\u00f3n"}]},{"@type":"WebSite","@id":"https:\/\/colegiodelcarmenmdp.edu.ar\/#website","url":"https:\/\/colegiodelcarmenmdp.edu.ar\/","name":"colegiodelcarmenmdp.edu.ar","description":"\u201cDesde 1958 educando para la paz, la verdad y la justicia\u201d","publisher":{"@id":"https:\/\/colegiodelcarmenmdp.edu.ar\/#organization"},"potentialAction":[{"@type":"SearchAction","target":{"@type":"EntryPoint","urlTemplate":"https:\/\/colegiodelcarmenmdp.edu.ar\/?s={search_term_string}"},"query-input":{"@type":"PropertyValueSpecification","valueRequired":true,"valueName":"search_term_string"}}],"inLanguage":"es"},{"@type":"Organization","@id":"https:\/\/colegiodelcarmenmdp.edu.ar\/#organization","name":"Colegio Del Carmen","url":"https:\/\/colegiodelcarmenmdp.edu.ar\/","logo":{"@type":"ImageObject","inLanguage":"es","@id":"https:\/\/colegiodelcarmenmdp.edu.ar\/#\/schema\/logo\/image\/","url":"https:\/\/colegiodelcarmenmdp.edu.ar\/wp-content\/uploads\/2021\/12\/EL-CARMEN.png","contentUrl":"https:\/\/colegiodelcarmenmdp.edu.ar\/wp-content\/uploads\/2021\/12\/EL-CARMEN.png","width":205,"height":238,"caption":"Colegio Del Carmen"},"image":{"@id":"https:\/\/colegiodelcarmenmdp.edu.ar\/#\/schema\/logo\/image\/"}}]}},"_links":{"self":[{"href":"https:\/\/colegiodelcarmenmdp.edu.ar\/index.php\/wp-json\/wp\/v2\/pages\/12","targetHints":{"allow":["GET"]}}],"collection":[{"href":"https:\/\/colegiodelcarmenmdp.edu.ar\/index.php\/wp-json\/wp\/v2\/pages"}],"about":[{"href":"https:\/\/colegiodelcarmenmdp.edu.ar\/index.php\/wp-json\/wp\/v2\/types\/page"}],"author":[{"embeddable":true,"href":"https:\/\/colegiodelcarmenmdp.edu.ar\/index.php\/wp-json\/wp\/v2\/users\/1"}],"replies":[{"embeddable":true,"href":"https:\/\/colegiodelcarmenmdp.edu.ar\/index.php\/wp-json\/wp\/v2\/comments?post=12"}],"version-history":[{"count":125,"href":"https:\/\/colegiodelcarmenmdp.edu.ar\/index.php\/wp-json\/wp\/v2\/pages\/12\/revisions"}],"predecessor-version":[{"id":5613,"href":"https:\/\/colegiodelcarmenmdp.edu.ar\/index.php\/wp-json\/wp\/v2\/pages\/12\/revisions\/5613"}],"wp:attachment":[{"href":"https:\/\/colegiodelcarmenmdp.edu.ar\/index.php\/wp-json\/wp\/v2\/media?parent=12"}],"curies":[{"name":"wp","href":"https:\/\/api.w.org\/{rel}","templated":true}]}}