{"id":597,"date":"2022-04-08T13:33:56","date_gmt":"2022-04-08T13:33:56","guid":{"rendered":"http:\/\/delcarmen.ccdea.com\/?page_id=597"},"modified":"2022-08-09T21:30:14","modified_gmt":"2022-08-09T21:30:14","slug":"nivel-secundario","status":"publish","type":"page","link":"https:\/\/colegiodelcarmenmdp.edu.ar\/index.php\/nivel-secundario\/","title":{"rendered":"Nivel Secundario"},"content":{"rendered":"\t\t<div data-elementor-type=\"wp-page\" data-elementor-id=\"597\" class=\"elementor elementor-597\">\n\t\t\t\t\t\t<section class=\"elementor-section elementor-top-section elementor-element elementor-element-dc95e01 elementor-section-boxed elementor-section-height-default elementor-section-height-default\" data-id=\"dc95e01\" data-element_type=\"section\" data-e-type=\"section\" data-settings=\"{&quot;background_background&quot;:&quot;classic&quot;}\">\n\t\t\t\t\t\t\t<div class=\"elementor-background-overlay\"><\/div>\n\t\t\t\t\t\t\t<div class=\"elementor-container elementor-column-gap-default\">\n\t\t\t\t\t<div class=\"elementor-column elementor-col-100 elementor-top-column elementor-element elementor-element-b857cf8\" data-id=\"b857cf8\" data-element_type=\"column\" data-e-type=\"column\">\n\t\t\t<div class=\"elementor-widget-wrap elementor-element-populated\">\n\t\t\t\t\t\t<div class=\"elementor-element elementor-element-532d658 elementor-widget-divider--view-line elementor-widget elementor-widget-divider\" data-id=\"532d658\" data-element_type=\"widget\" data-e-type=\"widget\" data-widget_type=\"divider.default\">\n\t\t\t\t\t\t\t<div class=\"elementor-divider\">\n\t\t\t<span class=\"elementor-divider-separator\">\n\t\t\t\t\t\t<\/span>\n\t\t<\/div>\n\t\t\t\t\t\t<\/div>\n\t\t\t\t<div class=\"elementor-element elementor-element-9c73172 elementor-widget-divider--view-line elementor-widget elementor-widget-divider\" data-id=\"9c73172\" data-element_type=\"widget\" data-e-type=\"widget\" data-widget_type=\"divider.default\">\n\t\t\t\t\t\t\t<div class=\"elementor-divider\">\n\t\t\t<span class=\"elementor-divider-separator\">\n\t\t\t\t\t\t<\/span>\n\t\t<\/div>\n\t\t\t\t\t\t<\/div>\n\t\t\t\t<div class=\"elementor-element elementor-element-319c197 elementor-widget-divider--view-line elementor-widget elementor-widget-divider\" data-id=\"319c197\" data-element_type=\"widget\" data-e-type=\"widget\" data-widget_type=\"divider.default\">\n\t\t\t\t\t\t\t<div class=\"elementor-divider\">\n\t\t\t<span class=\"elementor-divider-separator\">\n\t\t\t\t\t\t<\/span>\n\t\t<\/div>\n\t\t\t\t\t\t<\/div>\n\t\t\t\t<div class=\"elementor-element elementor-element-c536637 elementor-widget-divider--view-line elementor-widget elementor-widget-divider\" data-id=\"c536637\" data-element_type=\"widget\" data-e-type=\"widget\" data-widget_type=\"divider.default\">\n\t\t\t\t\t\t\t<div class=\"elementor-divider\">\n\t\t\t<span class=\"elementor-divider-separator\">\n\t\t\t\t\t\t<\/span>\n\t\t<\/div>\n\t\t\t\t\t\t<\/div>\n\t\t\t\t\t<\/div>\n\t\t<\/div>\n\t\t\t\t\t<\/div>\n\t\t<\/section>\n\t\t\t\t<section class=\"elementor-section elementor-top-section elementor-element elementor-element-c70a70a elementor-section-boxed elementor-section-height-default elementor-section-height-default\" data-id=\"c70a70a\" data-element_type=\"section\" data-e-type=\"section\">\n\t\t\t\t\t\t<div class=\"elementor-container elementor-column-gap-default\">\n\t\t\t\t\t<div class=\"elementor-column elementor-col-100 elementor-top-column elementor-element elementor-element-cba0fd9\" data-id=\"cba0fd9\" data-element_type=\"column\" data-e-type=\"column\">\n\t\t\t<div class=\"elementor-widget-wrap elementor-element-populated\">\n\t\t\t\t\t\t<div class=\"elementor-element elementor-element-ff48a7e elementor-widget-divider--view-line elementor-widget elementor-widget-divider\" data-id=\"ff48a7e\" data-element_type=\"widget\" data-e-type=\"widget\" data-widget_type=\"divider.default\">\n\t\t\t\t\t\t\t<div class=\"elementor-divider\">\n\t\t\t<span class=\"elementor-divider-separator\">\n\t\t\t\t\t\t<\/span>\n\t\t<\/div>\n\t\t\t\t\t\t<\/div>\n\t\t\t\t\t<\/div>\n\t\t<\/div>\n\t\t\t\t\t<\/div>\n\t\t<\/section>\n\t\t\t\t<section class=\"elementor-section elementor-top-section elementor-element elementor-element-413a0dd elementor-section-boxed elementor-section-height-default elementor-section-height-default\" data-id=\"413a0dd\" data-element_type=\"section\" data-e-type=\"section\">\n\t\t\t\t\t\t<div class=\"elementor-container elementor-column-gap-default\">\n\t\t\t\t\t<div class=\"elementor-column elementor-col-100 elementor-top-column elementor-element elementor-element-778221b\" data-id=\"778221b\" data-element_type=\"column\" data-e-type=\"column\">\n\t\t\t<div class=\"elementor-widget-wrap elementor-element-populated\">\n\t\t\t\t\t\t<div class=\"elementor-element elementor-element-e0b321a elementor-widget elementor-widget-text-editor\" data-id=\"e0b321a\" data-element_type=\"widget\" data-e-type=\"widget\" data-widget_type=\"text-editor.default\">\n\t\t\t\t\t\t\t\t\t<p><span style=\"font-weight: 400;\">El <strong>NIVEL SECUNDARIO<\/strong> completa la escolaridad formal del alumno trabajando sobre los saberes formales y las diversas \u00e1reas del conocimiento, promoviendo la paulatina autonom\u00eda del alumno desde una perspectiva social, conceptual y de competencias que les permitan su inserci\u00f3n en los estudios superiores y el mundo del trabajo, siempre desde los valores cristianos que conforman nuestra identidad.<\/span><\/p>\t\t\t\t\t\t\t\t<\/div>\n\t\t\t\t\t<\/div>\n\t\t<\/div>\n\t\t\t\t\t<\/div>\n\t\t<\/section>\n\t\t\t\t<section class=\"elementor-section elementor-top-section elementor-element elementor-element-d35164b elementor-section-boxed elementor-section-height-default elementor-section-height-default\" data-id=\"d35164b\" data-element_type=\"section\" data-e-type=\"section\">\n\t\t\t\t\t\t<div class=\"elementor-container elementor-column-gap-default\">\n\t\t\t\t\t<div class=\"elementor-column elementor-col-100 elementor-top-column elementor-element elementor-element-f8ebfc6\" data-id=\"f8ebfc6\" data-element_type=\"column\" data-e-type=\"column\">\n\t\t\t<div class=\"elementor-widget-wrap elementor-element-populated\">\n\t\t\t\t\t\t<div class=\"elementor-element elementor-element-24358a1 elementor-widget-divider--view-line elementor-widget elementor-widget-divider\" data-id=\"24358a1\" data-element_type=\"widget\" data-e-type=\"widget\" data-widget_type=\"divider.default\">\n\t\t\t\t\t\t\t<div class=\"elementor-divider\">\n\t\t\t<span class=\"elementor-divider-separator\">\n\t\t\t\t\t\t<\/span>\n\t\t<\/div>\n\t\t\t\t\t\t<\/div>\n\t\t\t\t\t<\/div>\n\t\t<\/div>\n\t\t\t\t\t<\/div>\n\t\t<\/section>\n\t\t\t\t<section class=\"elementor-section elementor-top-section elementor-element elementor-element-8380a56 elementor-section-boxed elementor-section-height-default elementor-section-height-default\" data-id=\"8380a56\" data-element_type=\"section\" data-e-type=\"section\">\n\t\t\t\t\t\t<div class=\"elementor-container elementor-column-gap-default\">\n\t\t\t\t\t<div class=\"elementor-column elementor-col-100 elementor-top-column elementor-element elementor-element-e0127f4\" data-id=\"e0127f4\" data-element_type=\"column\" data-e-type=\"column\">\n\t\t\t<div class=\"elementor-widget-wrap elementor-element-populated\">\n\t\t\t\t\t\t<div class=\"elementor-element elementor-element-05e3b19 elementor-shape-circle elementor-grid-0 e-grid-align-center elementor-widget elementor-widget-social-icons\" data-id=\"05e3b19\" data-element_type=\"widget\" data-e-type=\"widget\" data-widget_type=\"social-icons.default\">\n\t\t\t\t\t\t\t<div class=\"elementor-social-icons-wrapper elementor-grid\" role=\"list\">\n\t\t\t\t\t\t\t<span class=\"elementor-grid-item\" role=\"listitem\">\n\t\t\t\t\t<a class=\"elementor-icon elementor-social-icon elementor-social-icon-instagram elementor-repeater-item-343263d\" href=\"https:\/\/www.instagram.com\/institutontrasradelcarmen\/\" target=\"_blank\">\n\t\t\t\t\t\t<span class=\"elementor-screen-only\">Instagram<\/span>\n\t\t\t\t\t\t<svg aria-hidden=\"true\" class=\"e-font-icon-svg e-fab-instagram\" viewBox=\"0 0 448 512\" xmlns=\"http:\/\/www.w3.org\/2000\/svg\"><path d=\"M224.1 141c-63.6 0-114.9 51.3-114.9 114.9s51.3 114.9 114.9 114.9S339 319.5 339 255.9 287.7 141 224.1 141zm0 189.6c-41.1 0-74.7-33.5-74.7-74.7s33.5-74.7 74.7-74.7 74.7 33.5 74.7 74.7-33.6 74.7-74.7 74.7zm146.4-194.3c0 14.9-12 26.8-26.8 26.8-14.9 0-26.8-12-26.8-26.8s12-26.8 26.8-26.8 26.8 12 26.8 26.8zm76.1 27.2c-1.7-35.9-9.9-67.7-36.2-93.9-26.2-26.2-58-34.4-93.9-36.2-37-2.1-147.9-2.1-184.9 0-35.8 1.7-67.6 9.9-93.9 36.1s-34.4 58-36.2 93.9c-2.1 37-2.1 147.9 0 184.9 1.7 35.9 9.9 67.7 36.2 93.9s58 34.4 93.9 36.2c37 2.1 147.9 2.1 184.9 0 35.9-1.7 67.7-9.9 93.9-36.2 26.2-26.2 34.4-58 36.2-93.9 2.1-37 2.1-147.8 0-184.8zM398.8 388c-7.8 19.6-22.9 34.7-42.6 42.6-29.5 11.7-99.5 9-132.1 9s-102.7 2.6-132.1-9c-19.6-7.8-34.7-22.9-42.6-42.6-11.7-29.5-9-99.5-9-132.1s-2.6-102.7 9-132.1c7.8-19.6 22.9-34.7 42.6-42.6 29.5-11.7 99.5-9 132.1-9s102.7-2.6 132.1 9c19.6 7.8 34.7 22.9 42.6 42.6 11.7 29.5 9 99.5 9 132.1s2.7 102.7-9 132.1z\"><\/path><\/svg>\t\t\t\t\t<\/a>\n\t\t\t\t<\/span>\n\t\t\t\t\t\t\t<span class=\"elementor-grid-item\" role=\"listitem\">\n\t\t\t\t\t<a class=\"elementor-icon elementor-social-icon elementor-social-icon-facebook elementor-repeater-item-8229b6c\" href=\"https:\/\/www.facebook.com\/elcarmensecundario\/?hc_ref=ARQUcrj1ASgwQxHcwFHBqA0Rr6FRo51jp2f_-Fx1DL_ik3DOwfic7ctFoc5kDHdRuXQ&#038;fref=nf&#038;__xts__%5B0%5D=68.ARDJ4WADQ7eFUTUUp3pk1za_sKC14aJSiHSip5L_8nj9H3wONX5KM4eTjIjVme5j8VHOEyxIhU8blC2yI2Fa3MNeEttjuM-kXzrQVpUcg-yOePkupw0xXhRz0S7gjoSubfLNjrDlbbIWw1dVFjlNMydDHa6kT2Tej4Jl0oaUHJ8ufnVjD7SyDex-JpjCViJRbOfxYwecYTOZKhBK8WEiqP0BIcKSg7dPbXRIp4HOoPiKh0pWfMAyHKbPtQEXFQ_xtqqbvujVz5h6LltRVyB1DEGWLQOGj5LO_Nf1ttKGp_1p1uOKnKHlFtU\" target=\"_blank\">\n\t\t\t\t\t\t<span class=\"elementor-screen-only\">Facebook<\/span>\n\t\t\t\t\t\t<svg aria-hidden=\"true\" class=\"e-font-icon-svg e-fab-facebook\" viewBox=\"0 0 512 512\" xmlns=\"http:\/\/www.w3.org\/2000\/svg\"><path d=\"M504 256C504 119 393 8 256 8S8 119 8 256c0 123.78 90.69 226.38 209.25 245V327.69h-63V256h63v-54.64c0-62.15 37-96.48 93.67-96.48 27.14 0 55.52 4.84 55.52 4.84v61h-31.28c-30.8 0-40.41 19.12-40.41 38.73V256h68.78l-11 71.69h-57.78V501C413.31 482.38 504 379.78 504 256z\"><\/path><\/svg>\t\t\t\t\t<\/a>\n\t\t\t\t<\/span>\n\t\t\t\t\t<\/div>\n\t\t\t\t\t\t<\/div>\n\t\t\t\t\t<\/div>\n\t\t<\/div>\n\t\t\t\t\t<\/div>\n\t\t<\/section>\n\t\t\t\t<section class=\"elementor-section elementor-top-section elementor-element elementor-element-3f6a6f1 elementor-section-boxed elementor-section-height-default elementor-section-height-default\" data-id=\"3f6a6f1\" data-element_type=\"section\" data-e-type=\"section\">\n\t\t\t\t\t\t<div class=\"elementor-container elementor-column-gap-default\">\n\t\t\t\t\t<div class=\"elementor-column elementor-col-100 elementor-top-column elementor-element elementor-element-15dffe7\" data-id=\"15dffe7\" data-element_type=\"column\" data-e-type=\"column\">\n\t\t\t<div class=\"elementor-widget-wrap elementor-element-populated\">\n\t\t\t\t\t\t<div class=\"elementor-element elementor-element-e31671b elementor-widget-divider--view-line elementor-widget elementor-widget-divider\" data-id=\"e31671b\" data-element_type=\"widget\" data-e-type=\"widget\" data-widget_type=\"divider.default\">\n\t\t\t\t\t\t\t<div class=\"elementor-divider\">\n\t\t\t<span class=\"elementor-divider-separator\">\n\t\t\t\t\t\t<\/span>\n\t\t<\/div>\n\t\t\t\t\t\t<\/div>\n\t\t\t\t\t<\/div>\n\t\t<\/div>\n\t\t\t\t\t<\/div>\n\t\t<\/section>\n\t\t\t\t<\/div>\n\t\t","protected":false},"excerpt":{"rendered":"<p>El NIVEL SECUNDARIO completa la escolaridad formal del alumno trabajando sobre los saberes formales y las diversas \u00e1reas del conocimiento, promoviendo la paulatina autonom\u00eda del alumno desde una perspectiva social, conceptual y de competencias que les permitan su inserci\u00f3n en los estudios superiores y el mundo del trabajo, siempre desde los valores cristianos que conforman&hellip;&nbsp;<a href=\"https:\/\/colegiodelcarmenmdp.edu.ar\/index.php\/nivel-secundario\/\" rel=\"bookmark\">Leer m\u00e1s &raquo;<span class=\"screen-reader-text\">Nivel Secundario<\/span><\/a><\/p>\n","protected":false},"author":1,"featured_media":0,"parent":0,"menu_order":0,"comment_status":"closed","ping_status":"closed","template":"page-templates\/template-pagebuilder-full-width.php","meta":{"_eb_attr":"","neve_meta_sidebar":"","neve_meta_container":"","neve_meta_enable_content_width":"","neve_meta_content_width":0,"neve_meta_title_alignment":"","neve_meta_author_avatar":"","neve_post_elements_order":"","neve_meta_disable_header":"","neve_meta_disable_footer":"","neve_meta_disable_title":"","footnotes":""},"class_list":["post-597","page","type-page","status-publish","hentry"],"yoast_head":"<!-- This site is optimized with the Yoast SEO plugin v26.8 - https:\/\/yoast.com\/product\/yoast-seo-wordpress\/ -->\n<title>Nivel Secundario -<\/title>\n<meta name=\"robots\" content=\"index, follow, max-snippet:-1, max-image-preview:large, max-video-preview:-1\" \/>\n<link rel=\"canonical\" href=\"https:\/\/colegiodelcarmenmdp.edu.ar\/index.php\/nivel-secundario\/\" \/>\n<meta property=\"og:locale\" content=\"es_ES\" \/>\n<meta property=\"og:type\" content=\"article\" \/>\n<meta property=\"og:title\" content=\"Nivel Secundario -\" \/>\n<meta property=\"og:description\" content=\"El NIVEL SECUNDARIO completa la escolaridad formal del alumno trabajando sobre los saberes formales y las diversas \u00e1reas del conocimiento, promoviendo la paulatina autonom\u00eda del alumno desde una perspectiva social, conceptual y de competencias que les permitan su inserci\u00f3n en los estudios superiores y el mundo del trabajo, siempre desde los valores cristianos que conforman&hellip;&nbsp;Leer m\u00e1s &raquo;Nivel Secundario\" \/>\n<meta property=\"og:url\" content=\"https:\/\/colegiodelcarmenmdp.edu.ar\/index.php\/nivel-secundario\/\" \/>\n<meta property=\"article:modified_time\" content=\"2022-08-09T21:30:14+00:00\" \/>\n<meta name=\"twitter:card\" content=\"summary_large_image\" \/>\n<script type=\"application\/ld+json\" class=\"yoast-schema-graph\">{\"@context\":\"https:\/\/schema.org\",\"@graph\":[{\"@type\":\"WebPage\",\"@id\":\"https:\/\/colegiodelcarmenmdp.edu.ar\/index.php\/nivel-secundario\/\",\"url\":\"https:\/\/colegiodelcarmenmdp.edu.ar\/index.php\/nivel-secundario\/\",\"name\":\"Nivel Secundario -\",\"isPartOf\":{\"@id\":\"https:\/\/colegiodelcarmenmdp.edu.ar\/#website\"},\"datePublished\":\"2022-04-08T13:33:56+00:00\",\"dateModified\":\"2022-08-09T21:30:14+00:00\",\"breadcrumb\":{\"@id\":\"https:\/\/colegiodelcarmenmdp.edu.ar\/index.php\/nivel-secundario\/#breadcrumb\"},\"inLanguage\":\"es\",\"potentialAction\":[{\"@type\":\"ReadAction\",\"target\":[\"https:\/\/colegiodelcarmenmdp.edu.ar\/index.php\/nivel-secundario\/\"]}]},{\"@type\":\"BreadcrumbList\",\"@id\":\"https:\/\/colegiodelcarmenmdp.edu.ar\/index.php\/nivel-secundario\/#breadcrumb\",\"itemListElement\":[{\"@type\":\"ListItem\",\"position\":1,\"name\":\"Portada\",\"item\":\"https:\/\/colegiodelcarmenmdp.edu.ar\/\"},{\"@type\":\"ListItem\",\"position\":2,\"name\":\"Nivel Secundario\"}]},{\"@type\":\"WebSite\",\"@id\":\"https:\/\/colegiodelcarmenmdp.edu.ar\/#website\",\"url\":\"https:\/\/colegiodelcarmenmdp.edu.ar\/\",\"name\":\"colegiodelcarmenmdp.edu.ar\",\"description\":\"\u201cDesde 1958 educando para la paz, la verdad y la justicia\u201d\",\"publisher\":{\"@id\":\"https:\/\/colegiodelcarmenmdp.edu.ar\/#organization\"},\"potentialAction\":[{\"@type\":\"SearchAction\",\"target\":{\"@type\":\"EntryPoint\",\"urlTemplate\":\"https:\/\/colegiodelcarmenmdp.edu.ar\/?s={search_term_string}\"},\"query-input\":{\"@type\":\"PropertyValueSpecification\",\"valueRequired\":true,\"valueName\":\"search_term_string\"}}],\"inLanguage\":\"es\"},{\"@type\":\"Organization\",\"@id\":\"https:\/\/colegiodelcarmenmdp.edu.ar\/#organization\",\"name\":\"Colegio Del Carmen\",\"url\":\"https:\/\/colegiodelcarmenmdp.edu.ar\/\",\"logo\":{\"@type\":\"ImageObject\",\"inLanguage\":\"es\",\"@id\":\"https:\/\/colegiodelcarmenmdp.edu.ar\/#\/schema\/logo\/image\/\",\"url\":\"https:\/\/colegiodelcarmenmdp.edu.ar\/wp-content\/uploads\/2021\/12\/EL-CARMEN.png\",\"contentUrl\":\"https:\/\/colegiodelcarmenmdp.edu.ar\/wp-content\/uploads\/2021\/12\/EL-CARMEN.png\",\"width\":205,\"height\":238,\"caption\":\"Colegio Del Carmen\"},\"image\":{\"@id\":\"https:\/\/colegiodelcarmenmdp.edu.ar\/#\/schema\/logo\/image\/\"}}]}<\/script>\n<!-- \/ Yoast SEO plugin. -->","yoast_head_json":{"title":"Nivel Secundario -","robots":{"index":"index","follow":"follow","max-snippet":"max-snippet:-1","max-image-preview":"max-image-preview:large","max-video-preview":"max-video-preview:-1"},"canonical":"https:\/\/colegiodelcarmenmdp.edu.ar\/index.php\/nivel-secundario\/","og_locale":"es_ES","og_type":"article","og_title":"Nivel Secundario -","og_description":"El NIVEL SECUNDARIO completa la escolaridad formal del alumno trabajando sobre los saberes formales y las diversas \u00e1reas del conocimiento, promoviendo la paulatina autonom\u00eda del alumno desde una perspectiva social, conceptual y de competencias que les permitan su inserci\u00f3n en los estudios superiores y el mundo del trabajo, siempre desde los valores cristianos que conforman&hellip;&nbsp;Leer m\u00e1s &raquo;Nivel Secundario","og_url":"https:\/\/colegiodelcarmenmdp.edu.ar\/index.php\/nivel-secundario\/","article_modified_time":"2022-08-09T21:30:14+00:00","twitter_card":"summary_large_image","schema":{"@context":"https:\/\/schema.org","@graph":[{"@type":"WebPage","@id":"https:\/\/colegiodelcarmenmdp.edu.ar\/index.php\/nivel-secundario\/","url":"https:\/\/colegiodelcarmenmdp.edu.ar\/index.php\/nivel-secundario\/","name":"Nivel Secundario -","isPartOf":{"@id":"https:\/\/colegiodelcarmenmdp.edu.ar\/#website"},"datePublished":"2022-04-08T13:33:56+00:00","dateModified":"2022-08-09T21:30:14+00:00","breadcrumb":{"@id":"https:\/\/colegiodelcarmenmdp.edu.ar\/index.php\/nivel-secundario\/#breadcrumb"},"inLanguage":"es","potentialAction":[{"@type":"ReadAction","target":["https:\/\/colegiodelcarmenmdp.edu.ar\/index.php\/nivel-secundario\/"]}]},{"@type":"BreadcrumbList","@id":"https:\/\/colegiodelcarmenmdp.edu.ar\/index.php\/nivel-secundario\/#breadcrumb","itemListElement":[{"@type":"ListItem","position":1,"name":"Portada","item":"https:\/\/colegiodelcarmenmdp.edu.ar\/"},{"@type":"ListItem","position":2,"name":"Nivel Secundario"}]},{"@type":"WebSite","@id":"https:\/\/colegiodelcarmenmdp.edu.ar\/#website","url":"https:\/\/colegiodelcarmenmdp.edu.ar\/","name":"colegiodelcarmenmdp.edu.ar","description":"\u201cDesde 1958 educando para la paz, la verdad y la justicia\u201d","publisher":{"@id":"https:\/\/colegiodelcarmenmdp.edu.ar\/#organization"},"potentialAction":[{"@type":"SearchAction","target":{"@type":"EntryPoint","urlTemplate":"https:\/\/colegiodelcarmenmdp.edu.ar\/?s={search_term_string}"},"query-input":{"@type":"PropertyValueSpecification","valueRequired":true,"valueName":"search_term_string"}}],"inLanguage":"es"},{"@type":"Organization","@id":"https:\/\/colegiodelcarmenmdp.edu.ar\/#organization","name":"Colegio Del Carmen","url":"https:\/\/colegiodelcarmenmdp.edu.ar\/","logo":{"@type":"ImageObject","inLanguage":"es","@id":"https:\/\/colegiodelcarmenmdp.edu.ar\/#\/schema\/logo\/image\/","url":"https:\/\/colegiodelcarmenmdp.edu.ar\/wp-content\/uploads\/2021\/12\/EL-CARMEN.png","contentUrl":"https:\/\/colegiodelcarmenmdp.edu.ar\/wp-content\/uploads\/2021\/12\/EL-CARMEN.png","width":205,"height":238,"caption":"Colegio Del Carmen"},"image":{"@id":"https:\/\/colegiodelcarmenmdp.edu.ar\/#\/schema\/logo\/image\/"}}]}},"_links":{"self":[{"href":"https:\/\/colegiodelcarmenmdp.edu.ar\/index.php\/wp-json\/wp\/v2\/pages\/597","targetHints":{"allow":["GET"]}}],"collection":[{"href":"https:\/\/colegiodelcarmenmdp.edu.ar\/index.php\/wp-json\/wp\/v2\/pages"}],"about":[{"href":"https:\/\/colegiodelcarmenmdp.edu.ar\/index.php\/wp-json\/wp\/v2\/types\/page"}],"author":[{"embeddable":true,"href":"https:\/\/colegiodelcarmenmdp.edu.ar\/index.php\/wp-json\/wp\/v2\/users\/1"}],"replies":[{"embeddable":true,"href":"https:\/\/colegiodelcarmenmdp.edu.ar\/index.php\/wp-json\/wp\/v2\/comments?post=597"}],"version-history":[{"count":28,"href":"https:\/\/colegiodelcarmenmdp.edu.ar\/index.php\/wp-json\/wp\/v2\/pages\/597\/revisions"}],"predecessor-version":[{"id":991,"href":"https:\/\/colegiodelcarmenmdp.edu.ar\/index.php\/wp-json\/wp\/v2\/pages\/597\/revisions\/991"}],"wp:attachment":[{"href":"https:\/\/colegiodelcarmenmdp.edu.ar\/index.php\/wp-json\/wp\/v2\/media?parent=597"}],"curies":[{"name":"wp","href":"https:\/\/api.w.org\/{rel}","templated":true}]}}