{"id":949,"date":"2022-07-27T12:40:30","date_gmt":"2022-07-27T12:40:30","guid":{"rendered":"http:\/\/colegiodelcarmenmdp.edu.ar\/?page_id=949"},"modified":"2022-10-04T16:40:05","modified_gmt":"2022-10-04T16:40:05","slug":"administracion","status":"publish","type":"page","link":"https:\/\/colegiodelcarmenmdp.edu.ar\/index.php\/administracion\/","title":{"rendered":"Administraci\u00f3n"},"content":{"rendered":"\t\t<div data-elementor-type=\"wp-page\" data-elementor-id=\"949\" class=\"elementor elementor-949\">\n\t\t\t\t\t\t<section class=\"elementor-section elementor-top-section elementor-element elementor-element-b889f5a elementor-section-boxed elementor-section-height-default elementor-section-height-default\" data-id=\"b889f5a\" data-element_type=\"section\" data-e-type=\"section\">\n\t\t\t\t\t\t<div class=\"elementor-container elementor-column-gap-default\">\n\t\t\t\t\t<div class=\"elementor-column elementor-col-100 elementor-top-column elementor-element elementor-element-0343451\" data-id=\"0343451\" data-element_type=\"column\" data-e-type=\"column\">\n\t\t\t<div class=\"elementor-widget-wrap elementor-element-populated\">\n\t\t\t\t\t\t<div class=\"elementor-element elementor-element-dc4f4ec elementor-widget elementor-widget-spacer\" data-id=\"dc4f4ec\" data-element_type=\"widget\" data-e-type=\"widget\" data-widget_type=\"spacer.default\">\n\t\t\t\t\t\t\t<div class=\"elementor-spacer\">\n\t\t\t<div class=\"elementor-spacer-inner\"><\/div>\n\t\t<\/div>\n\t\t\t\t\t\t<\/div>\n\t\t\t\t\t<\/div>\n\t\t<\/div>\n\t\t\t\t\t<\/div>\n\t\t<\/section>\n\t\t\t\t<section class=\"elementor-section elementor-top-section elementor-element elementor-element-2d09fd6 elementor-section-boxed elementor-section-height-default elementor-section-height-default\" data-id=\"2d09fd6\" data-element_type=\"section\" data-e-type=\"section\">\n\t\t\t\t\t\t<div class=\"elementor-container elementor-column-gap-default\">\n\t\t\t\t\t<div class=\"elementor-column elementor-col-100 elementor-top-column elementor-element elementor-element-3b67a97\" data-id=\"3b67a97\" data-element_type=\"column\" data-e-type=\"column\">\n\t\t\t<div class=\"elementor-widget-wrap elementor-element-populated\">\n\t\t\t\t\t\t<div class=\"elementor-element elementor-element-b153bb4 elementor-widget elementor-widget-text-editor\" data-id=\"b153bb4\" data-element_type=\"widget\" data-e-type=\"widget\" data-widget_type=\"text-editor.default\">\n\t\t\t\t\t\t\t\t\t<h4><span style=\"color: #5d80b6;\">Contacto con Administraci\u00f3n del Colegio:<\/span><\/h4><ul><li><strong>Correo electr\u00f3nico:<\/strong> <a href=\"mailto:elcarmenmdpadm@gmail.com\">elcarmenmdpadm@gmail.com<\/a><\/li><li><strong>Tel\u00e9fono\u00a0<\/strong>486-2669<\/li><li><strong>Ventanilla de pago<\/strong><em>\u00a0(9,30 a 12 hs)<\/em><\/li><\/ul><p>\u00a0<\/p><h4><span style=\"color: #5d80b6;\">Medios de Pago:<\/span><\/h4><ul><li>A trav\u00e9s de la agencia de cobros Ripsa.<\/li><li>Por transferencia bancaria en la cuenta del Instituto Nuestra Se\u00f1ora del Carmen que opera con el Banco Credicoop (sucursal Puerto) CBU es\u00a0<strong>19100940-55009401299846<\/strong><\/li><li>Para dep\u00f3sitos en efectivo en cajero autom\u00e1tico\u00a0<\/li><\/ul><p style=\"padding-left: 80px;\">Banco:\u00a0<strong>191<\/strong><\/p><p style=\"padding-left: 80px;\">Sucursal:\u00a0<strong>094<\/strong><\/p><p style=\"padding-left: 80px;\">Cuenta Corriente:\u00a0<strong>12998\/4.<\/strong><\/p><p>Una vez realizada la transferencia enviar comprobante del pago al mail de la administraci\u00f3n:\u00a0<a href=\"mailto:elcarmenmdpadm@gmail.com\">elcarmenmdpadm@gmail.com<\/a>\u00a0y en el\u00a0<strong><em>Asunto: nombre y apellido del alumno y curso al que asiste, cualquiera sea la forma que hayan abonado.<\/em><\/strong><\/p>\t\t\t\t\t\t\t\t<\/div>\n\t\t\t\t\t<\/div>\n\t\t<\/div>\n\t\t\t\t\t<\/div>\n\t\t<\/section>\n\t\t\t\t<\/div>\n\t\t","protected":false},"excerpt":{"rendered":"<p>Contacto con Administraci\u00f3n del Colegio: Correo electr\u00f3nico: elcarmenmdpadm@gmail.com Tel\u00e9fono\u00a0486-2669 Ventanilla de pago\u00a0(9,30 a 12 hs) \u00a0 Medios de Pago: A trav\u00e9s de la agencia de cobros Ripsa. Por transferencia bancaria en la cuenta del Instituto Nuestra Se\u00f1ora del Carmen que opera con el Banco Credicoop (sucursal Puerto) CBU es\u00a019100940-55009401299846 Para dep\u00f3sitos en efectivo en cajero&hellip;&nbsp;<a href=\"https:\/\/colegiodelcarmenmdp.edu.ar\/index.php\/administracion\/\" rel=\"bookmark\">Leer m\u00e1s &raquo;<span class=\"screen-reader-text\">Administraci\u00f3n<\/span><\/a><\/p>\n","protected":false},"author":1,"featured_media":0,"parent":0,"menu_order":0,"comment_status":"closed","ping_status":"closed","template":"elementor_header_footer","meta":{"_eb_attr":"","neve_meta_sidebar":"","neve_meta_container":"","neve_meta_enable_content_width":"on","neve_meta_content_width":100,"neve_meta_title_alignment":"","neve_meta_author_avatar":"","neve_post_elements_order":"","neve_meta_disable_header":"","neve_meta_disable_footer":"","neve_meta_disable_title":"on","footnotes":""},"class_list":["post-949","page","type-page","status-publish","hentry"],"yoast_head":"<!-- This site is optimized with the Yoast SEO plugin v26.8 - https:\/\/yoast.com\/product\/yoast-seo-wordpress\/ -->\n<title>Administraci\u00f3n -<\/title>\n<meta name=\"robots\" content=\"index, follow, max-snippet:-1, max-image-preview:large, max-video-preview:-1\" \/>\n<link rel=\"canonical\" href=\"https:\/\/colegiodelcarmenmdp.edu.ar\/index.php\/administracion\/\" \/>\n<meta property=\"og:locale\" content=\"es_ES\" \/>\n<meta property=\"og:type\" content=\"article\" \/>\n<meta property=\"og:title\" content=\"Administraci\u00f3n -\" \/>\n<meta property=\"og:description\" content=\"Contacto con Administraci\u00f3n del Colegio: Correo electr\u00f3nico: elcarmenmdpadm@gmail.com Tel\u00e9fono\u00a0486-2669 Ventanilla de pago\u00a0(9,30 a 12 hs) \u00a0 Medios de Pago: A trav\u00e9s de la agencia de cobros Ripsa. Por transferencia bancaria en la cuenta del Instituto Nuestra Se\u00f1ora del Carmen que opera con el Banco Credicoop (sucursal Puerto) CBU es\u00a019100940-55009401299846 Para dep\u00f3sitos en efectivo en cajero&hellip;&nbsp;Leer m\u00e1s &raquo;Administraci\u00f3n\" \/>\n<meta property=\"og:url\" content=\"https:\/\/colegiodelcarmenmdp.edu.ar\/index.php\/administracion\/\" \/>\n<meta property=\"article:modified_time\" content=\"2022-10-04T16:40:05+00:00\" \/>\n<meta name=\"twitter:card\" content=\"summary_large_image\" \/>\n<meta name=\"twitter:label1\" content=\"Tiempo de lectura\" \/>\n\t<meta name=\"twitter:data1\" content=\"1 minuto\" \/>\n<script type=\"application\/ld+json\" class=\"yoast-schema-graph\">{\"@context\":\"https:\/\/schema.org\",\"@graph\":[{\"@type\":\"WebPage\",\"@id\":\"https:\/\/colegiodelcarmenmdp.edu.ar\/index.php\/administracion\/\",\"url\":\"https:\/\/colegiodelcarmenmdp.edu.ar\/index.php\/administracion\/\",\"name\":\"Administraci\u00f3n -\",\"isPartOf\":{\"@id\":\"https:\/\/colegiodelcarmenmdp.edu.ar\/#website\"},\"datePublished\":\"2022-07-27T12:40:30+00:00\",\"dateModified\":\"2022-10-04T16:40:05+00:00\",\"breadcrumb\":{\"@id\":\"https:\/\/colegiodelcarmenmdp.edu.ar\/index.php\/administracion\/#breadcrumb\"},\"inLanguage\":\"es\",\"potentialAction\":[{\"@type\":\"ReadAction\",\"target\":[\"https:\/\/colegiodelcarmenmdp.edu.ar\/index.php\/administracion\/\"]}]},{\"@type\":\"BreadcrumbList\",\"@id\":\"https:\/\/colegiodelcarmenmdp.edu.ar\/index.php\/administracion\/#breadcrumb\",\"itemListElement\":[{\"@type\":\"ListItem\",\"position\":1,\"name\":\"Portada\",\"item\":\"https:\/\/colegiodelcarmenmdp.edu.ar\/\"},{\"@type\":\"ListItem\",\"position\":2,\"name\":\"Administraci\u00f3n\"}]},{\"@type\":\"WebSite\",\"@id\":\"https:\/\/colegiodelcarmenmdp.edu.ar\/#website\",\"url\":\"https:\/\/colegiodelcarmenmdp.edu.ar\/\",\"name\":\"colegiodelcarmenmdp.edu.ar\",\"description\":\"\u201cDesde 1958 educando para la paz, la verdad y la justicia\u201d\",\"publisher\":{\"@id\":\"https:\/\/colegiodelcarmenmdp.edu.ar\/#organization\"},\"potentialAction\":[{\"@type\":\"SearchAction\",\"target\":{\"@type\":\"EntryPoint\",\"urlTemplate\":\"https:\/\/colegiodelcarmenmdp.edu.ar\/?s={search_term_string}\"},\"query-input\":{\"@type\":\"PropertyValueSpecification\",\"valueRequired\":true,\"valueName\":\"search_term_string\"}}],\"inLanguage\":\"es\"},{\"@type\":\"Organization\",\"@id\":\"https:\/\/colegiodelcarmenmdp.edu.ar\/#organization\",\"name\":\"Colegio Del Carmen\",\"url\":\"https:\/\/colegiodelcarmenmdp.edu.ar\/\",\"logo\":{\"@type\":\"ImageObject\",\"inLanguage\":\"es\",\"@id\":\"https:\/\/colegiodelcarmenmdp.edu.ar\/#\/schema\/logo\/image\/\",\"url\":\"https:\/\/colegiodelcarmenmdp.edu.ar\/wp-content\/uploads\/2021\/12\/EL-CARMEN.png\",\"contentUrl\":\"https:\/\/colegiodelcarmenmdp.edu.ar\/wp-content\/uploads\/2021\/12\/EL-CARMEN.png\",\"width\":205,\"height\":238,\"caption\":\"Colegio Del Carmen\"},\"image\":{\"@id\":\"https:\/\/colegiodelcarmenmdp.edu.ar\/#\/schema\/logo\/image\/\"}}]}<\/script>\n<!-- \/ Yoast SEO plugin. -->","yoast_head_json":{"title":"Administraci\u00f3n -","robots":{"index":"index","follow":"follow","max-snippet":"max-snippet:-1","max-image-preview":"max-image-preview:large","max-video-preview":"max-video-preview:-1"},"canonical":"https:\/\/colegiodelcarmenmdp.edu.ar\/index.php\/administracion\/","og_locale":"es_ES","og_type":"article","og_title":"Administraci\u00f3n -","og_description":"Contacto con Administraci\u00f3n del Colegio: Correo electr\u00f3nico: elcarmenmdpadm@gmail.com Tel\u00e9fono\u00a0486-2669 Ventanilla de pago\u00a0(9,30 a 12 hs) \u00a0 Medios de Pago: A trav\u00e9s de la agencia de cobros Ripsa. Por transferencia bancaria en la cuenta del Instituto Nuestra Se\u00f1ora del Carmen que opera con el Banco Credicoop (sucursal Puerto) CBU es\u00a019100940-55009401299846 Para dep\u00f3sitos en efectivo en cajero&hellip;&nbsp;Leer m\u00e1s &raquo;Administraci\u00f3n","og_url":"https:\/\/colegiodelcarmenmdp.edu.ar\/index.php\/administracion\/","article_modified_time":"2022-10-04T16:40:05+00:00","twitter_card":"summary_large_image","twitter_misc":{"Tiempo de lectura":"1 minuto"},"schema":{"@context":"https:\/\/schema.org","@graph":[{"@type":"WebPage","@id":"https:\/\/colegiodelcarmenmdp.edu.ar\/index.php\/administracion\/","url":"https:\/\/colegiodelcarmenmdp.edu.ar\/index.php\/administracion\/","name":"Administraci\u00f3n -","isPartOf":{"@id":"https:\/\/colegiodelcarmenmdp.edu.ar\/#website"},"datePublished":"2022-07-27T12:40:30+00:00","dateModified":"2022-10-04T16:40:05+00:00","breadcrumb":{"@id":"https:\/\/colegiodelcarmenmdp.edu.ar\/index.php\/administracion\/#breadcrumb"},"inLanguage":"es","potentialAction":[{"@type":"ReadAction","target":["https:\/\/colegiodelcarmenmdp.edu.ar\/index.php\/administracion\/"]}]},{"@type":"BreadcrumbList","@id":"https:\/\/colegiodelcarmenmdp.edu.ar\/index.php\/administracion\/#breadcrumb","itemListElement":[{"@type":"ListItem","position":1,"name":"Portada","item":"https:\/\/colegiodelcarmenmdp.edu.ar\/"},{"@type":"ListItem","position":2,"name":"Administraci\u00f3n"}]},{"@type":"WebSite","@id":"https:\/\/colegiodelcarmenmdp.edu.ar\/#website","url":"https:\/\/colegiodelcarmenmdp.edu.ar\/","name":"colegiodelcarmenmdp.edu.ar","description":"\u201cDesde 1958 educando para la paz, la verdad y la justicia\u201d","publisher":{"@id":"https:\/\/colegiodelcarmenmdp.edu.ar\/#organization"},"potentialAction":[{"@type":"SearchAction","target":{"@type":"EntryPoint","urlTemplate":"https:\/\/colegiodelcarmenmdp.edu.ar\/?s={search_term_string}"},"query-input":{"@type":"PropertyValueSpecification","valueRequired":true,"valueName":"search_term_string"}}],"inLanguage":"es"},{"@type":"Organization","@id":"https:\/\/colegiodelcarmenmdp.edu.ar\/#organization","name":"Colegio Del Carmen","url":"https:\/\/colegiodelcarmenmdp.edu.ar\/","logo":{"@type":"ImageObject","inLanguage":"es","@id":"https:\/\/colegiodelcarmenmdp.edu.ar\/#\/schema\/logo\/image\/","url":"https:\/\/colegiodelcarmenmdp.edu.ar\/wp-content\/uploads\/2021\/12\/EL-CARMEN.png","contentUrl":"https:\/\/colegiodelcarmenmdp.edu.ar\/wp-content\/uploads\/2021\/12\/EL-CARMEN.png","width":205,"height":238,"caption":"Colegio Del Carmen"},"image":{"@id":"https:\/\/colegiodelcarmenmdp.edu.ar\/#\/schema\/logo\/image\/"}}]}},"_links":{"self":[{"href":"https:\/\/colegiodelcarmenmdp.edu.ar\/index.php\/wp-json\/wp\/v2\/pages\/949","targetHints":{"allow":["GET"]}}],"collection":[{"href":"https:\/\/colegiodelcarmenmdp.edu.ar\/index.php\/wp-json\/wp\/v2\/pages"}],"about":[{"href":"https:\/\/colegiodelcarmenmdp.edu.ar\/index.php\/wp-json\/wp\/v2\/types\/page"}],"author":[{"embeddable":true,"href":"https:\/\/colegiodelcarmenmdp.edu.ar\/index.php\/wp-json\/wp\/v2\/users\/1"}],"replies":[{"embeddable":true,"href":"https:\/\/colegiodelcarmenmdp.edu.ar\/index.php\/wp-json\/wp\/v2\/comments?post=949"}],"version-history":[{"count":10,"href":"https:\/\/colegiodelcarmenmdp.edu.ar\/index.php\/wp-json\/wp\/v2\/pages\/949\/revisions"}],"predecessor-version":[{"id":1170,"href":"https:\/\/colegiodelcarmenmdp.edu.ar\/index.php\/wp-json\/wp\/v2\/pages\/949\/revisions\/1170"}],"wp:attachment":[{"href":"https:\/\/colegiodelcarmenmdp.edu.ar\/index.php\/wp-json\/wp\/v2\/media?parent=949"}],"curies":[{"name":"wp","href":"https:\/\/api.w.org\/{rel}","templated":true}]}}